{"id":7406,"date":"2018-10-17T19:00:54","date_gmt":"2018-10-17T23:00:54","guid":{"rendered":"https:\/\/encantotree.com\/?page_id=7406"},"modified":"2022-08-29T14:39:08","modified_gmt":"2022-08-29T18:39:08","slug":"nosotros","status":"publish","type":"page","link":"https:\/\/encantotree.com\/es\/nosotros\/","title":{"rendered":"Nosotros"},"content":{"rendered":"<p><div class=\"fusion-fullwidth fullwidth-box fusion-builder-row-1 fusion-flex-container pattern-bg nonhundred-percent-fullwidth non-hundred-percent-height-scrolling\" style=\"--awb-border-radius-top-left:0px;--awb-border-radius-top-right:0px;--awb-border-radius-bottom-right:0px;--awb-border-radius-bottom-left:0px;--awb-padding-top:80px;--awb-padding-bottom:80px;--awb-flex-wrap:wrap;\" ><div class=\"fusion-builder-row fusion-row fusion-flex-align-items-flex-start fusion-flex-content-wrap\" style=\"max-width:1216.8px;margin-left: calc(-4% \/ 2 );margin-right: calc(-4% \/ 2 );\"><div class=\"fusion-layout-column fusion_builder_column fusion-builder-column-0 fusion_builder_column_1_6 1_6 fusion-flex-column\" style=\"--awb-bg-size:cover;--awb-width-large:16.666666666667%;--awb-margin-top-large:0px;--awb-spacing-right-large:11.52%;--awb-margin-bottom-large:0px;--awb-spacing-left-large:11.52%;--awb-width-medium:16.666666666667%;--awb-spacing-right-medium:11.52%;--awb-spacing-left-medium:11.52%;--awb-width-small:100%;--awb-spacing-right-small:1.92%;--awb-spacing-left-small:1.92%;\"><div class=\"fusion-column-wrapper fusion-flex-justify-content-flex-start fusion-content-layout-column\"><\/div><\/div><div class=\"fusion-layout-column fusion_builder_column fusion-builder-column-1 fusion_builder_column_2_3 2_3 fusion-flex-column\" style=\"--awb-bg-size:cover;--awb-width-large:66.666666666667%;--awb-margin-top-large:0px;--awb-spacing-right-large:2.88%;--awb-margin-bottom-large:0px;--awb-spacing-left-large:2.88%;--awb-width-medium:66.666666666667%;--awb-spacing-right-medium:2.88%;--awb-spacing-left-medium:2.88%;--awb-width-small:100%;--awb-spacing-right-small:1.92%;--awb-spacing-left-small:1.92%;\"><div class=\"fusion-column-wrapper fusion-flex-justify-content-flex-start fusion-content-layout-column\"><div class=\"fusion-text fusion-text-1\"><p style=\"text-align: center;\"><span style=\"font-weight: 400;\">Encanto es una empresa de biotecnolog\u00eda agr\u00edcola centrada en proporcionar el mayor valor terap\u00e9utico m\u00e9dico a los pacientes. Representa la culminaci\u00f3n de a\u00f1os de experiencia profesional en la industria, combinada con el enfoque de m\u00e1s alta calidad en las producciones de cannabis de principio a fin. \u00a0<\/span><\/p>\n<p style=\"text-align: center;\"><span style=\"font-weight: 400;\">Elegimos ofrecer s\u00f3lo las marcas y los productos de mayor calidad. Para nosotros, la calidad significa que el producto es lo que dice ser y que no se han escatimado esfuerzos en su producci\u00f3n. Contratamos y formamos a los asesores de pacientes con m\u00e1s conocimientos para que puedan ofrecer un servicio de calidad y compartir informaci\u00f3n precisa. <\/span><\/p>\n<\/div><\/div><\/div><div class=\"fusion-layout-column fusion_builder_column fusion-builder-column-2 fusion_builder_column_1_6 1_6 fusion-flex-column\" style=\"--awb-bg-size:cover;--awb-width-large:16.666666666667%;--awb-margin-top-large:0px;--awb-spacing-right-large:11.52%;--awb-margin-bottom-large:0px;--awb-spacing-left-large:11.52%;--awb-width-medium:16.666666666667%;--awb-spacing-right-medium:11.52%;--awb-spacing-left-medium:11.52%;--awb-width-small:100%;--awb-spacing-right-small:1.92%;--awb-spacing-left-small:1.92%;\"><div class=\"fusion-column-wrapper fusion-flex-justify-content-flex-start fusion-content-layout-column\"><\/div><\/div><\/div><\/div><div class=\"fusion-fullwidth fullwidth-box fusion-builder-row-2 fusion-flex-container whiteText nonhundred-percent-fullwidth non-hundred-percent-height-scrolling\" style=\"--awb-border-radius-top-left:0px;--awb-border-radius-top-right:0px;--awb-border-radius-bottom-right:0px;--awb-border-radius-bottom-left:0px;--awb-padding-top:60px;--awb-padding-bottom:60px;--awb-background-color:#429845;--awb-flex-wrap:wrap;\" ><div class=\"fusion-builder-row fusion-row fusion-flex-align-items-flex-start fusion-flex-content-wrap\" style=\"max-width:1216.8px;margin-left: calc(-4% \/ 2 );margin-right: calc(-4% \/ 2 );\"><div class=\"fusion-layout-column fusion_builder_column fusion-builder-column-3 fusion_builder_column_2_5 2_5 fusion-flex-column\" style=\"--awb-bg-size:cover;--awb-width-large:40%;--awb-margin-top-large:0px;--awb-spacing-right-large:3.84%;--awb-margin-bottom-large:0px;--awb-spacing-left-large:4.8%;--awb-width-medium:40%;--awb-spacing-right-medium:3.84%;--awb-spacing-left-medium:4.8%;--awb-width-small:100%;--awb-spacing-right-small:1.92%;--awb-spacing-left-small:1.92%;\"><div class=\"fusion-column-wrapper fusion-flex-justify-content-flex-start fusion-content-layout-column\"><div class=\"fusion-image-element \" style=\"--awb-caption-title-font-family:var(--h2_typography-font-family);--awb-caption-title-font-weight:var(--h2_typography-font-weight);--awb-caption-title-font-style:var(--h2_typography-font-style);--awb-caption-title-size:var(--h2_typography-font-size);--awb-caption-title-transform:var(--h2_typography-text-transform);--awb-caption-title-line-height:var(--h2_typography-line-height);--awb-caption-title-letter-spacing:var(--h2_typography-letter-spacing);\"><span class=\" fusion-imageframe imageframe-none imageframe-1 hover-type-none\"><img decoding=\"async\" width=\"1500\" height=\"1000\" title=\"seeds\" src=\"https:\/\/encantotree.com\/wp-content\/uploads\/2018\/12\/seeds.jpg\" alt class=\"img-responsive wp-image-7258\" srcset=\"https:\/\/encantotree.com\/wp-content\/uploads\/2018\/12\/seeds-200x133.jpg 200w, https:\/\/encantotree.com\/wp-content\/uploads\/2018\/12\/seeds-400x267.jpg 400w, https:\/\/encantotree.com\/wp-content\/uploads\/2018\/12\/seeds-600x400.jpg 600w, https:\/\/encantotree.com\/wp-content\/uploads\/2018\/12\/seeds-800x533.jpg 800w, https:\/\/encantotree.com\/wp-content\/uploads\/2018\/12\/seeds-1200x800.jpg 1200w, https:\/\/encantotree.com\/wp-content\/uploads\/2018\/12\/seeds.jpg 1500w\" sizes=\"(max-width: 640px) 100vw, 600px\" \/><\/span><\/div><\/div><\/div><div class=\"fusion-layout-column fusion_builder_column fusion-builder-column-4 fusion_builder_column_3_5 3_5 fusion-flex-column\" style=\"--awb-bg-size:cover;--awb-width-large:60%;--awb-margin-top-large:0px;--awb-spacing-right-large:3.2%;--awb-margin-bottom-large:0px;--awb-spacing-left-large:3.84%;--awb-width-medium:60%;--awb-spacing-right-medium:3.2%;--awb-spacing-left-medium:3.84%;--awb-width-small:100%;--awb-spacing-right-small:1.92%;--awb-spacing-left-small:1.92%;\"><div class=\"fusion-column-wrapper fusion-flex-justify-content-flex-start fusion-content-layout-column\"><div class=\"fusion-title title fusion-title-1 fusion-sep-none fusion-title-text fusion-title-size-one\" style=\"--awb-margin-bottom:25px;\"><h1 class=\"fusion-title-heading title-heading-left fusion-responsive-typography-calculated\" style=\"margin:0;--fontSize:32;line-height:1.3;\"><h3><strong>De la semilla a la venta<\/strong><\/h3><\/h1><\/div><div class=\"fusion-text fusion-text-2\"><p style=\"text-align: left;\"><span style=\"font-weight: 400;\">Encanto Tree controla todo el proceso de llevar el cannabis hasta usted a trav\u00e9s de su modelo de integraci\u00f3n vertical. Nos encargamos de todo, desde el momento en que se planta la semilla hasta que est\u00e1 lista para que la compres y la pruebes.<\/span><\/p>\n<\/div><\/div><\/div><\/div><\/div><div class=\"fusion-fullwidth fullwidth-box fusion-builder-row-3 fusion-flex-container pattern-bg nonhundred-percent-fullwidth non-hundred-percent-height-scrolling\" style=\"--awb-border-radius-top-left:0px;--awb-border-radius-top-right:0px;--awb-border-radius-bottom-right:0px;--awb-border-radius-bottom-left:0px;--awb-padding-top:60px;--awb-padding-bottom:60px;--awb-flex-wrap:wrap;\" ><div class=\"fusion-builder-row fusion-row fusion-flex-align-items-flex-start fusion-flex-content-wrap\" style=\"max-width:1216.8px;margin-left: calc(-4% \/ 2 );margin-right: calc(-4% \/ 2 );\"><div class=\"fusion-layout-column fusion_builder_column fusion-builder-column-5 fusion_builder_column_2_5 2_5 fusion-flex-column\" style=\"--awb-bg-size:cover;--awb-width-large:40%;--awb-margin-top-large:0px;--awb-spacing-right-large:3.84%;--awb-margin-bottom-large:0px;--awb-spacing-left-large:4.8%;--awb-width-medium:40%;--awb-spacing-right-medium:3.84%;--awb-spacing-left-medium:4.8%;--awb-width-small:100%;--awb-spacing-right-small:1.92%;--awb-spacing-left-small:1.92%;\"><div class=\"fusion-column-wrapper fusion-flex-justify-content-center fusion-content-layout-column\"><div class=\"fusion-image-element \" style=\"--awb-caption-title-font-family:var(--h2_typography-font-family);--awb-caption-title-font-weight:var(--h2_typography-font-weight);--awb-caption-title-font-style:var(--h2_typography-font-style);--awb-caption-title-size:var(--h2_typography-font-size);--awb-caption-title-transform:var(--h2_typography-text-transform);--awb-caption-title-line-height:var(--h2_typography-line-height);--awb-caption-title-letter-spacing:var(--h2_typography-letter-spacing);\"><span class=\" fusion-imageframe imageframe-none imageframe-2 hover-type-none\"><img decoding=\"async\" width=\"1500\" height=\"1000\" title=\"encanto-tree\" src=\"https:\/\/encantotree.com\/wp-content\/uploads\/2018\/12\/encanto-tree.jpg\" alt class=\"img-responsive wp-image-7257\" srcset=\"https:\/\/encantotree.com\/wp-content\/uploads\/2018\/12\/encanto-tree-200x133.jpg 200w, https:\/\/encantotree.com\/wp-content\/uploads\/2018\/12\/encanto-tree-400x267.jpg 400w, https:\/\/encantotree.com\/wp-content\/uploads\/2018\/12\/encanto-tree-600x400.jpg 600w, https:\/\/encantotree.com\/wp-content\/uploads\/2018\/12\/encanto-tree-800x533.jpg 800w, https:\/\/encantotree.com\/wp-content\/uploads\/2018\/12\/encanto-tree-1200x800.jpg 1200w, https:\/\/encantotree.com\/wp-content\/uploads\/2018\/12\/encanto-tree.jpg 1500w\" sizes=\"(max-width: 640px) 100vw, 600px\" \/><\/span><\/div><\/div><\/div><div class=\"fusion-layout-column fusion_builder_column fusion-builder-column-6 fusion_builder_column_3_5 3_5 fusion-flex-column\" style=\"--awb-bg-size:cover;--awb-width-large:60%;--awb-margin-top-large:0px;--awb-spacing-right-large:3.2%;--awb-margin-bottom-large:0px;--awb-spacing-left-large:3.84%;--awb-width-medium:60%;--awb-spacing-right-medium:3.2%;--awb-spacing-left-medium:3.84%;--awb-width-small:100%;--awb-spacing-right-small:1.92%;--awb-spacing-left-small:1.92%;\"><div class=\"fusion-column-wrapper fusion-flex-justify-content-flex-start fusion-content-layout-column\"><div class=\"fusion-title title fusion-title-2 fusion-sep-none fusion-title-text fusion-title-size-one\" style=\"--awb-margin-bottom:25px;\"><h1 class=\"fusion-title-heading title-heading-left fusion-responsive-typography-calculated\" style=\"margin:0;--fontSize:32;line-height:1.3;\"><h3><strong>Calidad en la que puede confiar<\/strong><\/h3><\/h1><\/div><div class=\"fusion-text fusion-text-3\"><p style=\"text-align: left;\"><span style=\"font-weight: 400;\">Antes de que cualquier cosa llegue a la estanter\u00eda de Encanto Tree, ha sido probada a fondo por laboratorios de terceros, lo que garantiza que puede confiar en lo que est\u00e1 comprando. Si no cumple con nuestros est\u00e1ndares, no se lo ofrecemos. Punto.<\/span><\/p>\n<p style=\"text-align: left;\"><span style=\"font-weight: 400;\">Nuestra exclusiva variedad de productos est\u00e1 dise\u00f1ada para tratar espec\u00edficamente afecciones debilitantes y mejorar la calidad de vida.<\/span><\/p>\n<\/div><\/div><\/div><\/div><\/div><div class=\"fusion-fullwidth fullwidth-box fusion-builder-row-4 fusion-flex-container whiteText nonhundred-percent-fullwidth non-hundred-percent-height-scrolling\" style=\"--awb-border-radius-top-left:0px;--awb-border-radius-top-right:0px;--awb-border-radius-bottom-right:0px;--awb-border-radius-bottom-left:0px;--awb-padding-top:60px;--awb-padding-bottom:60px;--awb-background-color:#429845;--awb-flex-wrap:wrap;\" ><div class=\"fusion-builder-row fusion-row fusion-flex-align-items-flex-start fusion-flex-content-wrap\" style=\"max-width:1216.8px;margin-left: calc(-4% \/ 2 );margin-right: calc(-4% \/ 2 );\"><div class=\"fusion-layout-column fusion_builder_column fusion-builder-column-7 fusion_builder_column_2_5 2_5 fusion-flex-column\" style=\"--awb-bg-size:cover;--awb-width-large:40%;--awb-margin-top-large:0px;--awb-spacing-right-large:3.84%;--awb-margin-bottom-large:0px;--awb-spacing-left-large:4.8%;--awb-width-medium:40%;--awb-spacing-right-medium:3.84%;--awb-spacing-left-medium:4.8%;--awb-width-small:100%;--awb-spacing-right-small:1.92%;--awb-spacing-left-small:1.92%;\"><div class=\"fusion-column-wrapper fusion-flex-justify-content-flex-start fusion-content-layout-column\"><div class=\"fusion-image-element \" style=\"--awb-caption-title-font-family:var(--h2_typography-font-family);--awb-caption-title-font-weight:var(--h2_typography-font-weight);--awb-caption-title-font-style:var(--h2_typography-font-style);--awb-caption-title-size:var(--h2_typography-font-size);--awb-caption-title-transform:var(--h2_typography-text-transform);--awb-caption-title-line-height:var(--h2_typography-line-height);--awb-caption-title-letter-spacing:var(--h2_typography-letter-spacing);\"><span class=\" fusion-imageframe imageframe-none imageframe-3 hover-type-none\"><img decoding=\"async\" width=\"500\" height=\"334\" title=\"education\" src=\"https:\/\/encantotree.com\/wp-content\/uploads\/2021\/05\/education.jpg\" alt class=\"img-responsive wp-image-7307\"\/><\/span><\/div><\/div><\/div><div class=\"fusion-layout-column fusion_builder_column fusion-builder-column-8 fusion_builder_column_3_5 3_5 fusion-flex-column\" style=\"--awb-bg-size:cover;--awb-width-large:60%;--awb-margin-top-large:0px;--awb-spacing-right-large:3.2%;--awb-margin-bottom-large:0px;--awb-spacing-left-large:3.84%;--awb-width-medium:60%;--awb-spacing-right-medium:3.2%;--awb-spacing-left-medium:3.84%;--awb-width-small:100%;--awb-spacing-right-small:1.92%;--awb-spacing-left-small:1.92%;\"><div class=\"fusion-column-wrapper fusion-flex-justify-content-flex-start fusion-content-layout-column\"><div class=\"fusion-title title fusion-title-3 fusion-sep-none fusion-title-text fusion-title-size-one\" style=\"--awb-margin-bottom:25px;\"><h1 class=\"fusion-title-heading title-heading-left fusion-responsive-typography-calculated\" style=\"margin:0;--fontSize:32;line-height:1.3;\"><h3><strong>Educaci\u00f3n del paciente<\/strong><\/h3><\/h1><\/div><div class=\"fusion-text fusion-text-4\"><p style=\"text-align: left;\"><span style=\"font-weight: 400;\">Cuanto m\u00e1s sepa sobre c\u00f3mo el cannabis puede ayudar a mejorar su salud y felicidad, mejor ser\u00e1. Las consultas sobre el cannabis se pueden solicitar en un espacio reconfortante y privado en cualquier momento. Disfrutamos compartiendo nuestros conocimientos con los principiantes y los expertos experimentados por igual.<\/span><\/p>\n<\/div><\/div><\/div><\/div><\/div><div class=\"fusion-fullwidth fullwidth-box fusion-builder-row-5 fusion-flex-container pattern-bg nonhundred-percent-fullwidth non-hundred-percent-height-scrolling\" style=\"--awb-border-radius-top-left:0px;--awb-border-radius-top-right:0px;--awb-border-radius-bottom-right:0px;--awb-border-radius-bottom-left:0px;--awb-padding-top:60px;--awb-padding-bottom:60px;--awb-flex-wrap:wrap;\" ><div class=\"fusion-builder-row fusion-row fusion-flex-align-items-flex-start fusion-flex-content-wrap\" style=\"max-width:1216.8px;margin-left: calc(-4% \/ 2 );margin-right: calc(-4% \/ 2 );\"><div class=\"fusion-layout-column fusion_builder_column fusion-builder-column-9 fusion_builder_column_2_5 2_5 fusion-flex-column\" style=\"--awb-bg-size:cover;--awb-width-large:40%;--awb-margin-top-large:0px;--awb-spacing-right-large:3.84%;--awb-margin-bottom-large:0px;--awb-spacing-left-large:4.8%;--awb-width-medium:40%;--awb-spacing-right-medium:3.84%;--awb-spacing-left-medium:4.8%;--awb-width-small:100%;--awb-spacing-right-small:1.92%;--awb-spacing-left-small:1.92%;\"><div class=\"fusion-column-wrapper fusion-flex-justify-content-flex-start fusion-content-layout-column\"><div class=\"fusion-image-element \" style=\"--awb-caption-title-font-family:var(--h2_typography-font-family);--awb-caption-title-font-weight:var(--h2_typography-font-weight);--awb-caption-title-font-style:var(--h2_typography-font-style);--awb-caption-title-size:var(--h2_typography-font-size);--awb-caption-title-transform:var(--h2_typography-text-transform);--awb-caption-title-line-height:var(--h2_typography-line-height);--awb-caption-title-letter-spacing:var(--h2_typography-letter-spacing);\"><span class=\" fusion-imageframe imageframe-none imageframe-4 hover-type-none\"><img decoding=\"async\" width=\"500\" height=\"334\" title=\"people\" src=\"https:\/\/encantotree.com\/wp-content\/uploads\/2019\/02\/people.jpg\" alt class=\"img-responsive wp-image-7266\" srcset=\"https:\/\/encantotree.com\/wp-content\/uploads\/2019\/02\/people-200x134.jpg 200w, https:\/\/encantotree.com\/wp-content\/uploads\/2019\/02\/people-400x267.jpg 400w, https:\/\/encantotree.com\/wp-content\/uploads\/2019\/02\/people.jpg 500w\" sizes=\"(max-width: 640px) 100vw, 500px\" \/><\/span><\/div><\/div><\/div><div class=\"fusion-layout-column fusion_builder_column fusion-builder-column-10 fusion_builder_column_3_5 3_5 fusion-flex-column\" style=\"--awb-bg-size:cover;--awb-width-large:60%;--awb-margin-top-large:0px;--awb-spacing-right-large:3.2%;--awb-margin-bottom-large:0px;--awb-spacing-left-large:3.84%;--awb-width-medium:60%;--awb-spacing-right-medium:3.2%;--awb-spacing-left-medium:3.84%;--awb-width-small:100%;--awb-spacing-right-small:1.92%;--awb-spacing-left-small:1.92%;\"><div class=\"fusion-column-wrapper fusion-flex-justify-content-flex-start fusion-content-layout-column\"><div class=\"fusion-title title fusion-title-4 fusion-sep-none fusion-title-text fusion-title-size-one\" style=\"--awb-margin-bottom:25px;\"><h1 class=\"fusion-title-heading title-heading-left fusion-responsive-typography-calculated\" style=\"margin:0;--fontSize:32;line-height:1.3;\"><h3><strong>Comprometidos con la comunidad<\/strong><\/h3><\/h1><\/div><div class=\"fusion-text fusion-text-5\"><p style=\"text-align: left;\"><span style=\"font-weight: 400;\">Elegimos ofrecer s\u00f3lo las marcas y los productos de mayor calidad, y nuestro viaje es \u00fanico con los asesores m\u00e1s capacitados. Combinando los mejores productos y servicios garantizamos la optimizaci\u00f3n de su estilo de vida.<\/span><\/p>\n<\/div><\/div><\/div><\/div><\/div><\/p>\n","protected":false},"excerpt":{"rendered":"","protected":false},"author":1,"featured_media":0,"parent":0,"menu_order":0,"comment_status":"closed","ping_status":"closed","template":"100-width.php","meta":{"footnotes":""},"class_list":["post-7406","page","type-page","status-publish","hentry"],"yoast_head":"<!-- This site is optimized with the Yoast SEO plugin v26.2 - https:\/\/yoast.com\/wordpress\/plugins\/seo\/ -->\n<title>Nosotros - Encanto Tree<\/title>\n<meta name=\"description\" content=\"Encanto is an agricultural biotechnology company focused on providing the highest medical therapeutic value to patients.\" \/>\n<meta name=\"robots\" content=\"index, follow, max-snippet:-1, max-image-preview:large, max-video-preview:-1\" \/>\n<link rel=\"canonical\" href=\"https:\/\/encantotree.com\/es\/nosotros\/\" \/>\n<meta property=\"og:locale\" content=\"es_ES\" \/>\n<meta property=\"og:type\" content=\"article\" \/>\n<meta property=\"og:title\" content=\"Nosotros - Encanto Tree\" \/>\n<meta property=\"og:description\" content=\"Encanto is an agricultural biotechnology company focused on providing the highest medical therapeutic value to patients.\" \/>\n<meta property=\"og:url\" content=\"https:\/\/encantotree.com\/es\/nosotros\/\" \/>\n<meta property=\"og:site_name\" content=\"Encanto Tree\" \/>\n<meta property=\"article:modified_time\" content=\"2022-08-29T18:39:08+00:00\" \/>\n<meta name=\"twitter:card\" content=\"summary_large_image\" \/>\n<meta name=\"twitter:label1\" content=\"Tiempo de lectura\" \/>\n\t<meta name=\"twitter:data1\" content=\"7 minutos\" \/>\n<script type=\"application\/ld+json\" class=\"yoast-schema-graph\">{\"@context\":\"https:\/\/schema.org\",\"@graph\":[{\"@type\":\"WebPage\",\"@id\":\"https:\/\/encantotree.com\/es\/nosotros\/\",\"url\":\"https:\/\/encantotree.com\/es\/nosotros\/\",\"name\":\"Nosotros - Encanto Tree\",\"isPartOf\":{\"@id\":\"https:\/\/encantotree.com\/es\/#website\"},\"datePublished\":\"2018-10-17T23:00:54+00:00\",\"dateModified\":\"2022-08-29T18:39:08+00:00\",\"description\":\"Encanto is an agricultural biotechnology company focused on providing the highest medical therapeutic value to patients.\",\"breadcrumb\":{\"@id\":\"https:\/\/encantotree.com\/es\/nosotros\/#breadcrumb\"},\"inLanguage\":\"es\",\"potentialAction\":[{\"@type\":\"ReadAction\",\"target\":[\"https:\/\/encantotree.com\/es\/nosotros\/\"]}]},{\"@type\":\"BreadcrumbList\",\"@id\":\"https:\/\/encantotree.com\/es\/nosotros\/#breadcrumb\",\"itemListElement\":[{\"@type\":\"ListItem\",\"position\":1,\"name\":\"Home\",\"item\":\"https:\/\/encantotree.com\/es\/\"},{\"@type\":\"ListItem\",\"position\":2,\"name\":\"Nosotros\"}]},{\"@type\":\"WebSite\",\"@id\":\"https:\/\/encantotree.com\/es\/#website\",\"url\":\"https:\/\/encantotree.com\/es\/\",\"name\":\"Encanto Tree\",\"description\":\"Dispensario de Cannabis\",\"publisher\":{\"@id\":\"https:\/\/encantotree.com\/es\/#organization\"},\"potentialAction\":[{\"@type\":\"SearchAction\",\"target\":{\"@type\":\"EntryPoint\",\"urlTemplate\":\"https:\/\/encantotree.com\/es\/?s={search_term_string}\"},\"query-input\":{\"@type\":\"PropertyValueSpecification\",\"valueRequired\":true,\"valueName\":\"search_term_string\"}}],\"inLanguage\":\"es\"},{\"@type\":\"Organization\",\"@id\":\"https:\/\/encantotree.com\/es\/#organization\",\"name\":\"Encanto Tree\",\"url\":\"https:\/\/encantotree.com\/es\/\",\"logo\":{\"@type\":\"ImageObject\",\"inLanguage\":\"es\",\"@id\":\"https:\/\/encantotree.com\/es\/#\/schema\/logo\/image\/\",\"url\":\"https:\/\/encantotree.com\/wp-content\/uploads\/2021\/06\/encanto-tree-600-v2.png\",\"contentUrl\":\"https:\/\/encantotree.com\/wp-content\/uploads\/2021\/06\/encanto-tree-600-v2.png\",\"width\":600,\"height\":152,\"caption\":\"Encanto Tree\"},\"image\":{\"@id\":\"https:\/\/encantotree.com\/es\/#\/schema\/logo\/image\/\"}}]}<\/script>\n<!-- \/ Yoast SEO plugin. -->","yoast_head_json":{"title":"Nosotros - Encanto Tree","description":"Encanto is an agricultural biotechnology company focused on providing the highest medical therapeutic value to patients.","robots":{"index":"index","follow":"follow","max-snippet":"max-snippet:-1","max-image-preview":"max-image-preview:large","max-video-preview":"max-video-preview:-1"},"canonical":"https:\/\/encantotree.com\/es\/nosotros\/","og_locale":"es_ES","og_type":"article","og_title":"Nosotros - Encanto Tree","og_description":"Encanto is an agricultural biotechnology company focused on providing the highest medical therapeutic value to patients.","og_url":"https:\/\/encantotree.com\/es\/nosotros\/","og_site_name":"Encanto Tree","article_modified_time":"2022-08-29T18:39:08+00:00","twitter_card":"summary_large_image","twitter_misc":{"Tiempo de lectura":"7 minutos"},"schema":{"@context":"https:\/\/schema.org","@graph":[{"@type":"WebPage","@id":"https:\/\/encantotree.com\/es\/nosotros\/","url":"https:\/\/encantotree.com\/es\/nosotros\/","name":"Nosotros - Encanto Tree","isPartOf":{"@id":"https:\/\/encantotree.com\/es\/#website"},"datePublished":"2018-10-17T23:00:54+00:00","dateModified":"2022-08-29T18:39:08+00:00","description":"Encanto is an agricultural biotechnology company focused on providing the highest medical therapeutic value to patients.","breadcrumb":{"@id":"https:\/\/encantotree.com\/es\/nosotros\/#breadcrumb"},"inLanguage":"es","potentialAction":[{"@type":"ReadAction","target":["https:\/\/encantotree.com\/es\/nosotros\/"]}]},{"@type":"BreadcrumbList","@id":"https:\/\/encantotree.com\/es\/nosotros\/#breadcrumb","itemListElement":[{"@type":"ListItem","position":1,"name":"Home","item":"https:\/\/encantotree.com\/es\/"},{"@type":"ListItem","position":2,"name":"Nosotros"}]},{"@type":"WebSite","@id":"https:\/\/encantotree.com\/es\/#website","url":"https:\/\/encantotree.com\/es\/","name":"Encanto Tree","description":"Dispensario de Cannabis","publisher":{"@id":"https:\/\/encantotree.com\/es\/#organization"},"potentialAction":[{"@type":"SearchAction","target":{"@type":"EntryPoint","urlTemplate":"https:\/\/encantotree.com\/es\/?s={search_term_string}"},"query-input":{"@type":"PropertyValueSpecification","valueRequired":true,"valueName":"search_term_string"}}],"inLanguage":"es"},{"@type":"Organization","@id":"https:\/\/encantotree.com\/es\/#organization","name":"Encanto Tree","url":"https:\/\/encantotree.com\/es\/","logo":{"@type":"ImageObject","inLanguage":"es","@id":"https:\/\/encantotree.com\/es\/#\/schema\/logo\/image\/","url":"https:\/\/encantotree.com\/wp-content\/uploads\/2021\/06\/encanto-tree-600-v2.png","contentUrl":"https:\/\/encantotree.com\/wp-content\/uploads\/2021\/06\/encanto-tree-600-v2.png","width":600,"height":152,"caption":"Encanto Tree"},"image":{"@id":"https:\/\/encantotree.com\/es\/#\/schema\/logo\/image\/"}}]}},"jetpack_sharing_enabled":true,"_links":{"self":[{"href":"https:\/\/encantotree.com\/es\/wp-json\/wp\/v2\/pages\/7406","targetHints":{"allow":["GET"]}}],"collection":[{"href":"https:\/\/encantotree.com\/es\/wp-json\/wp\/v2\/pages"}],"about":[{"href":"https:\/\/encantotree.com\/es\/wp-json\/wp\/v2\/types\/page"}],"author":[{"embeddable":true,"href":"https:\/\/encantotree.com\/es\/wp-json\/wp\/v2\/users\/1"}],"replies":[{"embeddable":true,"href":"https:\/\/encantotree.com\/es\/wp-json\/wp\/v2\/comments?post=7406"}],"version-history":[{"count":9,"href":"https:\/\/encantotree.com\/es\/wp-json\/wp\/v2\/pages\/7406\/revisions"}],"predecessor-version":[{"id":7504,"href":"https:\/\/encantotree.com\/es\/wp-json\/wp\/v2\/pages\/7406\/revisions\/7504"}],"wp:attachment":[{"href":"https:\/\/encantotree.com\/es\/wp-json\/wp\/v2\/media?parent=7406"}],"curies":[{"name":"wp","href":"https:\/\/api.w.org\/{rel}","templated":true}]}}