{"id":7430,"date":"2015-12-14T04:10:10","date_gmt":"2015-12-14T08:10:10","guid":{"rendered":"https:\/\/encantotree.com\/?page_id=7430"},"modified":"2025-06-30T13:07:06","modified_gmt":"2025-06-30T17:07:06","slug":"productos-bck","status":"publish","type":"page","link":"https:\/\/encantotree.com\/es\/productos-bck\/","title":{"rendered":"Productos-bck"},"content":{"rendered":"<p><div class=\"fusion-fullwidth fullwidth-box fusion-builder-row-1 fusion-flex-container pattern-bg nonhundred-percent-fullwidth non-hundred-percent-height-scrolling\" style=\"--awb-border-sizes-top:0px;--awb-border-sizes-bottom:0px;--awb-border-sizes-left:0px;--awb-border-sizes-right:0px;--awb-border-radius-top-left:0px;--awb-border-radius-top-right:0px;--awb-border-radius-bottom-right:0px;--awb-border-radius-bottom-left:0px;--awb-padding-top:5%;--awb-padding-bottom:5%;--awb-background-color:#f7f7f7;--awb-flex-wrap:wrap;\" ><div class=\"fusion-builder-row fusion-row fusion-flex-align-items-flex-start fusion-flex-content-wrap\" style=\"max-width:1216.8px;margin-left: calc(-4% \/ 2 );margin-right: calc(-4% \/ 2 );\"><div class=\"fusion-layout-column fusion_builder_column fusion-builder-column-0 fusion_builder_column_1_6 1_6 fusion-flex-column\" style=\"--awb-bg-size:cover;--awb-width-large:16.666666666667%;--awb-margin-top-large:0px;--awb-spacing-right-large:11.52%;--awb-margin-bottom-large:30px;--awb-spacing-left-large:11.52%;--awb-width-medium:16.666666666667%;--awb-spacing-right-medium:11.52%;--awb-spacing-left-medium:11.52%;--awb-width-small:100%;--awb-spacing-right-small:1.92%;--awb-spacing-left-small:1.92%;\"><div class=\"fusion-column-wrapper fusion-flex-justify-content-flex-start fusion-content-layout-column\"><\/div><\/div><div class=\"fusion-layout-column fusion_builder_column fusion-builder-column-1 fusion_builder_column_2_3 2_3 fusion-flex-column\" style=\"--awb-bg-size:cover;--awb-width-large:66.666666666667%;--awb-margin-top-large:0px;--awb-spacing-right-large:2.88%;--awb-margin-bottom-large:30px;--awb-spacing-left-large:2.88%;--awb-width-medium:66.666666666667%;--awb-spacing-right-medium:2.88%;--awb-spacing-left-medium:2.88%;--awb-width-small:100%;--awb-spacing-right-small:1.92%;--awb-spacing-left-small:1.92%;\"><div class=\"fusion-column-wrapper fusion-flex-justify-content-flex-start fusion-content-layout-column\"><div class=\"fusion-text fusion-text-1\"><p style=\"text-align: center;\"><span style=\"font-weight: 400;\">Cuando se trata de consumir cannabis, la segunda consideraci\u00f3n m\u00e1s importante, despu\u00e9s de la flor, es la forma de consumo. Este punto suele pasarse por alto, como demuestra la prevalencia de consumidores que han limitado su experimentaci\u00f3n a tratar s\u00edntomas. <\/span><\/p>\n<\/div><\/div><\/div><div class=\"fusion-layout-column fusion_builder_column fusion-builder-column-2 fusion_builder_column_1_6 1_6 fusion-flex-column\" style=\"--awb-bg-size:cover;--awb-width-large:16.666666666667%;--awb-margin-top-large:0px;--awb-spacing-right-large:11.52%;--awb-margin-bottom-large:30px;--awb-spacing-left-large:11.52%;--awb-width-medium:16.666666666667%;--awb-spacing-right-medium:11.52%;--awb-spacing-left-medium:11.52%;--awb-width-small:100%;--awb-spacing-right-small:1.92%;--awb-spacing-left-small:1.92%;\"><div class=\"fusion-column-wrapper fusion-flex-justify-content-flex-start fusion-content-layout-column\"><\/div><\/div><\/div><\/div><div class=\"fusion-fullwidth fullwidth-box fusion-builder-row-2 fusion-flex-container fusion-parallax-none nonhundred-percent-fullwidth non-hundred-percent-height-scrolling\" style=\"--awb-border-sizes-top:0px;--awb-border-sizes-bottom:0px;--awb-border-sizes-left:0px;--awb-border-sizes-right:0px;--awb-border-radius-top-left:0px;--awb-border-radius-top-right:0px;--awb-border-radius-bottom-right:0px;--awb-border-radius-bottom-left:0px;--awb-padding-top:80px;--awb-padding-bottom:100px;--awb-background-image:url(&quot;https:\/\/encantotree.com\/wp-content\/uploads\/2019\/02\/item-3.jpg&quot;);--awb-background-size:cover;--awb-flex-wrap:wrap;\" ><div class=\"fusion-builder-row fusion-row fusion-flex-align-items-flex-start fusion-flex-content-wrap\" style=\"max-width:1216.8px;margin-left: calc(-4% \/ 2 );margin-right: calc(-4% \/ 2 );\"><div class=\"fusion-layout-column fusion_builder_column fusion-builder-column-3 fusion_builder_column_1_1 1_1 fusion-flex-column\" style=\"--awb-bg-size:cover;--awb-width-large:100%;--awb-margin-top-large:0px;--awb-spacing-right-large:1.92%;--awb-margin-bottom-large:0px;--awb-spacing-left-large:1.92%;--awb-width-medium:100%;--awb-spacing-right-medium:1.92%;--awb-spacing-left-medium:1.92%;--awb-width-small:100%;--awb-spacing-right-small:1.92%;--awb-spacing-left-small:1.92%;\"><div class=\"fusion-column-wrapper fusion-flex-justify-content-flex-start fusion-content-layout-column\"><div class=\"fusion-content-boxes content-boxes columns row fusion-columns-3 fusion-columns-total-3 fusion-content-boxes-1 content-boxes-icon-on-top content-left productsFont\" style=\"--awb-body-color:#ffffff;--awb-title-color:#ffffff;--awb-hover-accent-color:#55b52e;--awb-circle-hover-accent-color:#55b52e;\" data-animationOffset=\"top-into-view\"><div style=\"--awb-backgroundcolor:rgba(255,255,255,0);\" class=\"fusion-column content-box-column content-box-column content-box-column-1 col-lg-4 col-md-4 col-sm-4 fusion-content-box-hover content-box-column-first-in-row\"><div class=\"col content-box-wrapper content-wrapper link-area-box content-icon-wrapper-yes icon-hover-animation-fade\" data-animationOffset=\"top-into-view\"><div class=\"heading heading-with-icon icon-left\"><div aria-hidden=\"true\" class=\"image\"><img decoding=\"async\" src=\"https:\/\/encantotree.com\/wp-content\/uploads\/2019\/03\/icons-flowers.png\" width=\"100\" height=\"100\" alt=\"\" \/><\/div><h2 class=\"content-box-heading fusion-responsive-typography-calculated\" style=\"--h2_typography-font-size:22px;--fontSize:22;line-height:1.25;\">Flowers\/Strains<\/h2><\/div><div class=\"fusion-clearfix\"><\/div><div class=\"content-container\"><span style=\"font-weight: 400;\">Nuestra amplia variedad de flores satisfar\u00e1 sus necesidades m\u00e9dicas y le proporcionar\u00e1 la mayor calidad y la mejor potencia de la isla. La elecci\u00f3n de la variedad adecuada puede marcar la diferencia a la hora de calmarse, estimular el apetito, conciliar el sue\u00f1o o encontrar la inspiraci\u00f3n creativa.<\/span><\/div><\/div><\/div><div style=\"--awb-backgroundcolor:rgba(255,255,255,0);\" class=\"fusion-column content-box-column content-box-column content-box-column-2 col-lg-4 col-md-4 col-sm-4 fusion-content-box-hover \"><div class=\"col content-box-wrapper content-wrapper link-area-box content-icon-wrapper-yes icon-hover-animation-fade\" data-animationOffset=\"top-into-view\"><div class=\"heading heading-with-icon icon-left\"><div aria-hidden=\"true\" class=\"image\"><img decoding=\"async\" src=\"https:\/\/encantotree.com\/wp-content\/uploads\/2019\/03\/icons-concentrates.png\" width=\"100\" height=\"100\" alt=\"\" \/><\/div><h2 class=\"content-box-heading fusion-responsive-typography-calculated\" style=\"--h2_typography-font-size:22px;--fontSize:22;line-height:1.25;\">Concentrates<\/h2><\/div><div class=\"fusion-clearfix\"><\/div><div class=\"content-container\"><span style=\"font-weight: 400;\">Los concentrados de cannabis son el producto final de la extracci\u00f3n de aceites de la planta de cannabis. Son productos refinados muy potentes, conocidos por muchos nombres, entre ellos\u00a0<\/span><i><span style=\"font-weight: 400;\">cera, shatter, mantequilla, resina<\/span><\/i><span style=\"font-weight: 400;\">, y otros.<\/span><\/div><\/div><\/div><div style=\"--awb-backgroundcolor:rgba(255,255,255,0);\" class=\"fusion-column content-box-column content-box-column content-box-column-3 col-lg-4 col-md-4 col-sm-4 fusion-content-box-hover content-box-column-last content-box-column-last-in-row\"><div class=\"col content-box-wrapper content-wrapper link-area-box content-icon-wrapper-yes icon-hover-animation-fade\" data-animationOffset=\"top-into-view\"><div class=\"heading heading-with-icon icon-left\"><div aria-hidden=\"true\" class=\"image\"><img decoding=\"async\" src=\"https:\/\/encantotree.com\/wp-content\/uploads\/2019\/03\/icons-oils-2.png\" width=\"100\" height=\"100\" alt=\"\" \/><\/div><h2 class=\"content-box-heading fusion-responsive-typography-calculated\" style=\"--h2_typography-font-size:22px;--fontSize:22;line-height:1.25;\">Essential Oils<\/h2><\/div><div class=\"fusion-clearfix\"><\/div><div class=\"content-container\"><span style=\"font-weight: 400;\">Encanto Tree ofrece aceites que est\u00e1n formulados al m\u00e1s alto nivel y proporcionan el mejor sabor, m\u00e1s claro y limpio, como ning\u00fan otro. Vaping es cada vez m\u00e1s popular por su facilidad de uso y efecto inmediato para aliviar los s\u00edntomas.<\/span><\/div><\/div><\/div><div class=\"fusion-clearfix\"><\/div><\/div><\/div><\/div><div class=\"fusion-layout-column fusion_builder_column fusion-builder-column-4 fusion_builder_column_1_1 1_1 fusion-flex-column\" style=\"--awb-bg-size:cover;--awb-width-large:100%;--awb-margin-top-large:0px;--awb-spacing-right-large:1.92%;--awb-margin-bottom-large:0px;--awb-spacing-left-large:1.92%;--awb-width-medium:100%;--awb-spacing-right-medium:1.92%;--awb-spacing-left-medium:1.92%;--awb-width-small:100%;--awb-spacing-right-small:1.92%;--awb-spacing-left-small:1.92%;\"><div class=\"fusion-column-wrapper fusion-flex-justify-content-flex-start fusion-content-layout-column\"><div class=\"fusion-content-boxes content-boxes columns row fusion-columns-3 fusion-columns-total-3 fusion-content-boxes-2 content-boxes-icon-on-top content-left productsFont\" style=\"--awb-body-color:#ffffff;--awb-title-color:#ffffff;--awb-hover-accent-color:#55b52e;--awb-circle-hover-accent-color:#55b52e;\" data-animationOffset=\"top-into-view\"><div style=\"--awb-backgroundcolor:rgba(255,255,255,0);\" class=\"fusion-column content-box-column content-box-column content-box-column-1 col-lg-4 col-md-4 col-sm-4 fusion-content-box-hover content-box-column-first-in-row\"><div class=\"col content-box-wrapper content-wrapper link-area-box content-icon-wrapper-yes icon-hover-animation-fade\" data-animationOffset=\"top-into-view\"><div class=\"heading heading-with-icon icon-left\"><div aria-hidden=\"true\" class=\"image\"><img decoding=\"async\" src=\"https:\/\/encantotree.com\/wp-content\/uploads\/2019\/03\/icons-edibles.png\" width=\"100\" height=\"100\" alt=\"\" \/><\/div><h2 class=\"content-box-heading fusion-responsive-typography-calculated\" style=\"--h2_typography-font-size:22px;--fontSize:22;line-height:1.25;\">Edibles<\/h2><\/div><div class=\"fusion-clearfix\"><\/div><div class=\"content-container\">\n<p><span style=\"font-weight: 400;\">Edibles are cannabis-infused products like baked goods, candy or sodas that you can eat or drink.<\/span><\/p>\n<\/div><\/div><\/div><div style=\"--awb-backgroundcolor:rgba(255,255,255,0);\" class=\"fusion-column content-box-column content-box-column content-box-column-2 col-lg-4 col-md-4 col-sm-4 fusion-content-box-hover \"><div class=\"col content-box-wrapper content-wrapper link-area-box content-icon-wrapper-yes icon-hover-animation-fade\" data-animationOffset=\"top-into-view\"><div class=\"heading heading-with-icon icon-left\"><div aria-hidden=\"true\" class=\"image\"><img decoding=\"async\" src=\"https:\/\/encantotree.com\/wp-content\/uploads\/2019\/03\/icons-capsules.png\" width=\"100\" height=\"100\" alt=\"\" \/><\/div><h2 class=\"content-box-heading fusion-responsive-typography-calculated\" style=\"--h2_typography-font-size:22px;--fontSize:22;line-height:1.25;\">Capsules<\/h2><\/div><div class=\"fusion-clearfix\"><\/div><div class=\"content-container\">\n<p><span style=\"font-weight: 400;\">With cannabis oil pills, you can get all the benefits of typical medical cannabis without smoking.<\/span><\/p>\n<\/div><\/div><\/div><div style=\"--awb-backgroundcolor:rgba(255,255,255,0);\" class=\"fusion-column content-box-column content-box-column content-box-column-3 col-lg-4 col-md-4 col-sm-4 fusion-content-box-hover content-box-column-last content-box-column-last-in-row\"><div class=\"col content-box-wrapper content-wrapper link-area-box content-icon-wrapper-yes icon-hover-animation-fade\" data-animationOffset=\"top-into-view\"><div class=\"heading heading-with-icon icon-left\"><div aria-hidden=\"true\" class=\"image\"><img decoding=\"async\" src=\"https:\/\/encantotree.com\/wp-content\/uploads\/2019\/03\/icons-topicals.png\" width=\"100\" height=\"100\" alt=\"\" \/><\/div><h2 class=\"content-box-heading fusion-responsive-typography-calculated\" style=\"--h2_typography-font-size:22px;--fontSize:22;line-height:1.25;\">Topicals<\/h2><\/div><div class=\"fusion-clearfix\"><\/div><div class=\"content-container\">\n<p><span style=\"font-weight: 400;\">Topicals are cannabis-infused products that are applied directly to the skin to ease sore or tired muscles. Unlike most cannabis you consume orally or through vaping, topicals have no psychoactive effects.<\/span><\/p>\n<\/div><\/div><\/div><div class=\"fusion-clearfix\"><\/div><\/div><\/div><\/div><\/div><\/div><\/p>\n","protected":false},"excerpt":{"rendered":"","protected":false},"author":1,"featured_media":0,"parent":0,"menu_order":0,"comment_status":"closed","ping_status":"closed","template":"100-width.php","meta":{"footnotes":""},"class_list":["post-7430","page","type-page","status-publish","hentry"],"yoast_head":"<!-- This site is optimized with the Yoast SEO plugin v26.2 - https:\/\/yoast.com\/wordpress\/plugins\/seo\/ -->\n<title>Productos-bck - Encanto Tree<\/title>\n<meta name=\"description\" content=\"Encanto is an agricultural biotechnology company focused on providing the highest medical therapeutic value to patients.\" \/>\n<meta name=\"robots\" content=\"index, follow, max-snippet:-1, max-image-preview:large, max-video-preview:-1\" \/>\n<link rel=\"canonical\" href=\"https:\/\/encantotree.com\/es\/productos-bck\/\" \/>\n<meta property=\"og:locale\" content=\"es_ES\" \/>\n<meta property=\"og:type\" content=\"article\" \/>\n<meta property=\"og:title\" content=\"Productos-bck - Encanto Tree\" \/>\n<meta property=\"og:description\" content=\"Encanto is an agricultural biotechnology company focused on providing the highest medical therapeutic value to patients.\" \/>\n<meta property=\"og:url\" content=\"https:\/\/encantotree.com\/es\/productos-bck\/\" \/>\n<meta property=\"og:site_name\" content=\"Encanto Tree\" \/>\n<meta property=\"article:modified_time\" content=\"2025-06-30T17:07:06+00:00\" \/>\n<meta name=\"twitter:card\" content=\"summary_large_image\" \/>\n<meta name=\"twitter:label1\" content=\"Tiempo de lectura\" \/>\n\t<meta name=\"twitter:data1\" content=\"3 minutos\" \/>\n<script type=\"application\/ld+json\" class=\"yoast-schema-graph\">{\"@context\":\"https:\/\/schema.org\",\"@graph\":[{\"@type\":\"WebPage\",\"@id\":\"https:\/\/encantotree.com\/es\/productos-bck\/\",\"url\":\"https:\/\/encantotree.com\/es\/productos-bck\/\",\"name\":\"Productos-bck - Encanto Tree\",\"isPartOf\":{\"@id\":\"https:\/\/encantotree.com\/es\/#website\"},\"datePublished\":\"2015-12-14T08:10:10+00:00\",\"dateModified\":\"2025-06-30T17:07:06+00:00\",\"description\":\"Encanto is an agricultural biotechnology company focused on providing the highest medical therapeutic value to patients.\",\"breadcrumb\":{\"@id\":\"https:\/\/encantotree.com\/es\/productos-bck\/#breadcrumb\"},\"inLanguage\":\"es\",\"potentialAction\":[{\"@type\":\"ReadAction\",\"target\":[\"https:\/\/encantotree.com\/es\/productos-bck\/\"]}]},{\"@type\":\"BreadcrumbList\",\"@id\":\"https:\/\/encantotree.com\/es\/productos-bck\/#breadcrumb\",\"itemListElement\":[{\"@type\":\"ListItem\",\"position\":1,\"name\":\"Home\",\"item\":\"https:\/\/encantotree.com\/es\/\"},{\"@type\":\"ListItem\",\"position\":2,\"name\":\"Productos-bck\"}]},{\"@type\":\"WebSite\",\"@id\":\"https:\/\/encantotree.com\/es\/#website\",\"url\":\"https:\/\/encantotree.com\/es\/\",\"name\":\"Encanto Tree\",\"description\":\"Dispensario de Cannabis\",\"publisher\":{\"@id\":\"https:\/\/encantotree.com\/es\/#organization\"},\"potentialAction\":[{\"@type\":\"SearchAction\",\"target\":{\"@type\":\"EntryPoint\",\"urlTemplate\":\"https:\/\/encantotree.com\/es\/?s={search_term_string}\"},\"query-input\":{\"@type\":\"PropertyValueSpecification\",\"valueRequired\":true,\"valueName\":\"search_term_string\"}}],\"inLanguage\":\"es\"},{\"@type\":\"Organization\",\"@id\":\"https:\/\/encantotree.com\/es\/#organization\",\"name\":\"Encanto Tree\",\"url\":\"https:\/\/encantotree.com\/es\/\",\"logo\":{\"@type\":\"ImageObject\",\"inLanguage\":\"es\",\"@id\":\"https:\/\/encantotree.com\/es\/#\/schema\/logo\/image\/\",\"url\":\"https:\/\/encantotree.com\/wp-content\/uploads\/2021\/06\/encanto-tree-600-v2.png\",\"contentUrl\":\"https:\/\/encantotree.com\/wp-content\/uploads\/2021\/06\/encanto-tree-600-v2.png\",\"width\":600,\"height\":152,\"caption\":\"Encanto Tree\"},\"image\":{\"@id\":\"https:\/\/encantotree.com\/es\/#\/schema\/logo\/image\/\"}}]}<\/script>\n<!-- \/ Yoast SEO plugin. -->","yoast_head_json":{"title":"Productos-bck - Encanto Tree","description":"Encanto is an agricultural biotechnology company focused on providing the highest medical therapeutic value to patients.","robots":{"index":"index","follow":"follow","max-snippet":"max-snippet:-1","max-image-preview":"max-image-preview:large","max-video-preview":"max-video-preview:-1"},"canonical":"https:\/\/encantotree.com\/es\/productos-bck\/","og_locale":"es_ES","og_type":"article","og_title":"Productos-bck - Encanto Tree","og_description":"Encanto is an agricultural biotechnology company focused on providing the highest medical therapeutic value to patients.","og_url":"https:\/\/encantotree.com\/es\/productos-bck\/","og_site_name":"Encanto Tree","article_modified_time":"2025-06-30T17:07:06+00:00","twitter_card":"summary_large_image","twitter_misc":{"Tiempo de lectura":"3 minutos"},"schema":{"@context":"https:\/\/schema.org","@graph":[{"@type":"WebPage","@id":"https:\/\/encantotree.com\/es\/productos-bck\/","url":"https:\/\/encantotree.com\/es\/productos-bck\/","name":"Productos-bck - Encanto Tree","isPartOf":{"@id":"https:\/\/encantotree.com\/es\/#website"},"datePublished":"2015-12-14T08:10:10+00:00","dateModified":"2025-06-30T17:07:06+00:00","description":"Encanto is an agricultural biotechnology company focused on providing the highest medical therapeutic value to patients.","breadcrumb":{"@id":"https:\/\/encantotree.com\/es\/productos-bck\/#breadcrumb"},"inLanguage":"es","potentialAction":[{"@type":"ReadAction","target":["https:\/\/encantotree.com\/es\/productos-bck\/"]}]},{"@type":"BreadcrumbList","@id":"https:\/\/encantotree.com\/es\/productos-bck\/#breadcrumb","itemListElement":[{"@type":"ListItem","position":1,"name":"Home","item":"https:\/\/encantotree.com\/es\/"},{"@type":"ListItem","position":2,"name":"Productos-bck"}]},{"@type":"WebSite","@id":"https:\/\/encantotree.com\/es\/#website","url":"https:\/\/encantotree.com\/es\/","name":"Encanto Tree","description":"Dispensario de Cannabis","publisher":{"@id":"https:\/\/encantotree.com\/es\/#organization"},"potentialAction":[{"@type":"SearchAction","target":{"@type":"EntryPoint","urlTemplate":"https:\/\/encantotree.com\/es\/?s={search_term_string}"},"query-input":{"@type":"PropertyValueSpecification","valueRequired":true,"valueName":"search_term_string"}}],"inLanguage":"es"},{"@type":"Organization","@id":"https:\/\/encantotree.com\/es\/#organization","name":"Encanto Tree","url":"https:\/\/encantotree.com\/es\/","logo":{"@type":"ImageObject","inLanguage":"es","@id":"https:\/\/encantotree.com\/es\/#\/schema\/logo\/image\/","url":"https:\/\/encantotree.com\/wp-content\/uploads\/2021\/06\/encanto-tree-600-v2.png","contentUrl":"https:\/\/encantotree.com\/wp-content\/uploads\/2021\/06\/encanto-tree-600-v2.png","width":600,"height":152,"caption":"Encanto Tree"},"image":{"@id":"https:\/\/encantotree.com\/es\/#\/schema\/logo\/image\/"}}]}},"jetpack_sharing_enabled":true,"_links":{"self":[{"href":"https:\/\/encantotree.com\/es\/wp-json\/wp\/v2\/pages\/7430","targetHints":{"allow":["GET"]}}],"collection":[{"href":"https:\/\/encantotree.com\/es\/wp-json\/wp\/v2\/pages"}],"about":[{"href":"https:\/\/encantotree.com\/es\/wp-json\/wp\/v2\/types\/page"}],"author":[{"embeddable":true,"href":"https:\/\/encantotree.com\/es\/wp-json\/wp\/v2\/users\/1"}],"replies":[{"embeddable":true,"href":"https:\/\/encantotree.com\/es\/wp-json\/wp\/v2\/comments?post=7430"}],"version-history":[{"count":3,"href":"https:\/\/encantotree.com\/es\/wp-json\/wp\/v2\/pages\/7430\/revisions"}],"predecessor-version":[{"id":12210,"href":"https:\/\/encantotree.com\/es\/wp-json\/wp\/v2\/pages\/7430\/revisions\/12210"}],"wp:attachment":[{"href":"https:\/\/encantotree.com\/es\/wp-json\/wp\/v2\/media?parent=7430"}],"curies":[{"name":"wp","href":"https:\/\/api.w.org\/{rel}","templated":true}]}}