{"id":7436,"date":"2021-08-23T22:01:07","date_gmt":"2021-08-24T02:01:07","guid":{"rendered":"https:\/\/encantotree.com\/?page_id=7436"},"modified":"2023-06-06T15:42:51","modified_gmt":"2023-06-06T19:42:51","slug":"registrese-aqui","status":"publish","type":"page","link":"https:\/\/encantotree.com\/es\/registrese-aqui\/","title":{"rendered":"Reg\u00edstrese aqu\u00ed"},"content":{"rendered":"<p><div class=\"fusion-fullwidth fullwidth-box fusion-builder-row-1 fusion-flex-container hundred-percent-fullwidth non-hundred-percent-height-scrolling\" style=\"--awb-background-position:right top;--awb-border-sizes-top:0px;--awb-border-sizes-bottom:0px;--awb-border-sizes-left:0px;--awb-border-sizes-right:0px;--awb-border-radius-top-left:0px;--awb-border-radius-top-right:0px;--awb-border-radius-bottom-right:0px;--awb-border-radius-bottom-left:0px;--awb-margin-top:0px;--awb-margin-bottom:0px;--awb-flex-wrap:wrap;\" ><div class=\"fusion-builder-row fusion-row fusion-flex-align-items-flex-start fusion-flex-content-wrap\" style=\"width:104% !important;max-width:104% !important;margin-left: calc(-4% \/ 2 );margin-right: calc(-4% \/ 2 );\"><div class=\"fusion-layout-column fusion_builder_column fusion-builder-column-0 fusion_builder_column_1_1 1_1 fusion-flex-column\" style=\"--awb-bg-image:url(&#039;https:\/\/encantotree.com\/wp-content\/uploads\/2019\/03\/bg-patternv5.jpg&#039;);--awb-bg-repeat:repeat;--awb-width-large:100%;--awb-margin-top-large:0px;--awb-spacing-right-large:1.92%;--awb-margin-bottom-large:0px;--awb-spacing-left-large:1.92%;--awb-width-medium:100%;--awb-spacing-right-medium:1.92%;--awb-spacing-left-medium:1.92%;--awb-width-small:100%;--awb-spacing-right-small:1.92%;--awb-spacing-left-small:1.92%;\"><div class=\"fusion-column-wrapper fusion-flex-justify-content-flex-start fusion-content-layout-column fusion-column-has-bg-image\" data-bg-url=\"https:\/\/encantotree.com\/wp-content\/uploads\/2019\/03\/bg-patternv5.jpg\"><div class=\"fusion-separator fusion-full-width-sep\" style=\"align-self: center;margin-left: auto;margin-right: auto;margin-top:32px;width:100%;\"><\/div><div class=\"fusion-text fusion-text-1\"><h1 style=\"text-align: center;\" data-fontsize=\"32\" data-lineheight=\"40\"><strong><span style=\"color: #008000;\">Obtenga el certificado<\/span><\/strong><\/h1>\n<h3 style=\"text-align: center;\" data-fontsize=\"32\" data-lineheight=\"40\"><span style=\"font-weight: 400;\">\u00bfQuieres obtener tu licencia de cannabis medicinal?<\/span><\/h3>\n<h3 style=\"text-align: center;\" data-fontsize=\"32\" data-lineheight=\"40\"><span style=\"font-weight: 400;\">Rellene el formulario y reg\u00edstrese<\/span><\/h3>\n<\/div><div class=\"fusion-separator fusion-full-width-sep\" style=\"align-self: center;margin-left: auto;margin-right: auto;margin-top:32px;width:100%;\"><\/div><div id=\"form1\">\n<script src=\"https:\/\/www.cognitoforms.com\/f\/seamless.js\" data-key=\"E8tS6YI7606uvzHuzsXy0Q\" data-form=\"72\"><\/script>\n<\/div><div class=\"fusion-separator fusion-full-width-sep\" style=\"align-self: center;margin-left: auto;margin-right: auto;margin-top:32px;width:100%;\"><\/div><\/div><\/div><\/div><\/div><div class=\"fusion-fullwidth fullwidth-box fusion-builder-row-2 fusion-flex-container pattern-bg nonhundred-percent-fullwidth non-hundred-percent-height-scrolling\" style=\"--awb-background-position:right top;--awb-border-sizes-top:0px;--awb-border-sizes-bottom:0px;--awb-border-sizes-left:0px;--awb-border-sizes-right:0px;--awb-border-radius-top-left:0px;--awb-border-radius-top-right:0px;--awb-border-radius-bottom-right:0px;--awb-border-radius-bottom-left:0px;--awb-margin-top:0px;--awb-margin-bottom:0px;--awb-flex-wrap:wrap;\" ><div class=\"fusion-builder-row fusion-row fusion-flex-align-items-flex-start fusion-flex-content-wrap\" style=\"max-width:1216.8px;margin-left: calc(-4% \/ 2 );margin-right: calc(-4% \/ 2 );\"><div class=\"fusion-layout-column fusion_builder_column fusion-builder-column-1 fusion_builder_column_1_1 1_1 fusion-flex-column\" style=\"--awb-bg-image:url(&#039;https:\/\/encantotree.com\/wp-content\/uploads\/2019\/03\/bg-patternv5.jpg&#039;);--awb-bg-repeat:repeat;--awb-width-large:100%;--awb-margin-top-large:0px;--awb-spacing-right-large:1.92%;--awb-margin-bottom-large:0px;--awb-spacing-left-large:1.92%;--awb-width-medium:100%;--awb-spacing-right-medium:1.92%;--awb-spacing-left-medium:1.92%;--awb-width-small:100%;--awb-spacing-right-small:1.92%;--awb-spacing-left-small:1.92%;\"><div class=\"fusion-column-wrapper fusion-flex-justify-content-flex-start fusion-content-layout-column fusion-column-has-bg-image\" data-bg-url=\"https:\/\/encantotree.com\/wp-content\/uploads\/2019\/03\/bg-patternv5.jpg\"><div class=\"accordian fusion-accordian\" style=\"--awb-border-size:1px;--awb-icon-size:16px;--awb-content-font-size:18px;--awb-icon-alignment:left;--awb-hover-color:#f9f9f9;--awb-border-color:#cccccc;--awb-background-color:#ffffff;--awb-divider-color:#e0dede;--awb-divider-hover-color:#e0dede;--awb-icon-color:#ffffff;--awb-title-color:#429845;--awb-content-color:rgba(0,0,0,0.6);--awb-icon-box-color:#6aa84f;--awb-toggle-hover-accent-color:#5b8c41;--awb-title-font-family:&quot;Kotori Rose&quot;;--awb-title-font-weight:400;--awb-title-font-style:normal;--awb-title-font-size:24px;--awb-content-font-family:&quot;Rubik Regular&quot;;--awb-content-font-style:normal;--awb-content-font-weight:400;\"><div class=\"panel-group fusion-toggle-icon-boxed\" id=\"accordion-7436-1\"><div class=\"fusion-panel panel-default panel-7282f0b2529f8031d fusion-toggle-has-divider\" style=\"--awb-title-color:#429845;\"><div class=\"panel-heading\"><h4 class=\"panel-title toggle\" id=\"toggle_7282f0b2529f8031d\"><a aria-expanded=\"false\" aria-controls=\"7282f0b2529f8031d\" role=\"button\" data-toggle=\"collapse\" data-parent=\"#accordion-7436-1\" data-target=\"#7282f0b2529f8031d\" href=\"#7282f0b2529f8031d\"><span class=\"fusion-toggle-icon-wrapper\" aria-hidden=\"true\"><i class=\"fa-fusion-box active-icon awb-icon-minus\" aria-hidden=\"true\"><\/i><i class=\"fa-fusion-box inactive-icon awb-icon-plus\" aria-hidden=\"true\"><\/i><\/span><span class=\"fusion-toggle-heading\">T\u00e9rminos y condiciones<\/span><\/a><\/h4><\/div><div id=\"7282f0b2529f8031d\" class=\"panel-collapse collapse \" aria-labelledby=\"toggle_7282f0b2529f8031d\"><div class=\"panel-body toggle-content fusion-clearfix\">\n<p>1. La oferta es para certificar a los pacientes sin costo alguno, pero al buscar el bono tendr\u00e1 que hacer una compra en productos de $ 59.99 o m\u00e1s. De lo contrario, el paciente tendr\u00e1 que pagar $ 59,99 (precio regular de $ 110,00) para recibir la licencia.<br \/>\n2. Oferta v\u00e1lida s\u00f3lo para los nuevos pacientes.<br \/>\n3. No se aplica en combinaci\u00f3n con otras ofertas.<br \/>\n4. No se aplica al turismo m\u00e9dico.<br \/>\n5. El paciente tiene que acudir a los dispensarios de Encanto Tree para recoger su bono.<br \/>\n6. La oferta ser\u00e1 v\u00e1lida siempre que haya disponibilidad.<\/p>\n<\/div><\/div><\/div><\/div><\/div><\/div><\/div><\/div><\/div><\/p>\n","protected":false},"excerpt":{"rendered":"","protected":false},"author":1,"featured_media":0,"parent":0,"menu_order":0,"comment_status":"closed","ping_status":"closed","template":"100-width.php","meta":{"footnotes":""},"class_list":["post-7436","page","type-page","status-publish","hentry"],"yoast_head":"<!-- This site is optimized with the Yoast SEO plugin v26.2 - https:\/\/yoast.com\/wordpress\/plugins\/seo\/ -->\n<title>Reg\u00edstrese aqu\u00ed - Encanto Tree<\/title>\n<meta name=\"description\" content=\"Encanto is an agricultural biotechnology company focused on providing the highest medical therapeutic value to patients.\" \/>\n<meta name=\"robots\" content=\"index, follow, max-snippet:-1, max-image-preview:large, max-video-preview:-1\" \/>\n<link rel=\"canonical\" href=\"https:\/\/encantotree.com\/es\/registrese-aqui\/\" \/>\n<meta property=\"og:locale\" content=\"es_ES\" \/>\n<meta property=\"og:type\" content=\"article\" \/>\n<meta property=\"og:title\" content=\"Reg\u00edstrese aqu\u00ed - Encanto Tree\" \/>\n<meta property=\"og:description\" content=\"Encanto is an agricultural biotechnology company focused on providing the highest medical therapeutic value to patients.\" \/>\n<meta property=\"og:url\" content=\"https:\/\/encantotree.com\/es\/registrese-aqui\/\" \/>\n<meta property=\"og:site_name\" content=\"Encanto Tree\" \/>\n<meta property=\"article:modified_time\" content=\"2023-06-06T19:42:51+00:00\" \/>\n<meta name=\"twitter:card\" content=\"summary_large_image\" \/>\n<meta name=\"twitter:label1\" content=\"Tiempo de lectura\" \/>\n\t<meta name=\"twitter:data1\" content=\"3 minutos\" \/>\n<script type=\"application\/ld+json\" class=\"yoast-schema-graph\">{\"@context\":\"https:\/\/schema.org\",\"@graph\":[{\"@type\":\"WebPage\",\"@id\":\"https:\/\/encantotree.com\/es\/registrese-aqui\/\",\"url\":\"https:\/\/encantotree.com\/es\/registrese-aqui\/\",\"name\":\"Reg\u00edstrese aqu\u00ed - Encanto Tree\",\"isPartOf\":{\"@id\":\"https:\/\/encantotree.com\/es\/#website\"},\"datePublished\":\"2021-08-24T02:01:07+00:00\",\"dateModified\":\"2023-06-06T19:42:51+00:00\",\"description\":\"Encanto is an agricultural biotechnology company focused on providing the highest medical therapeutic value to patients.\",\"breadcrumb\":{\"@id\":\"https:\/\/encantotree.com\/es\/registrese-aqui\/#breadcrumb\"},\"inLanguage\":\"es\",\"potentialAction\":[{\"@type\":\"ReadAction\",\"target\":[\"https:\/\/encantotree.com\/es\/registrese-aqui\/\"]}]},{\"@type\":\"BreadcrumbList\",\"@id\":\"https:\/\/encantotree.com\/es\/registrese-aqui\/#breadcrumb\",\"itemListElement\":[{\"@type\":\"ListItem\",\"position\":1,\"name\":\"Home\",\"item\":\"https:\/\/encantotree.com\/es\/\"},{\"@type\":\"ListItem\",\"position\":2,\"name\":\"Reg\u00edstrese aqu\u00ed\"}]},{\"@type\":\"WebSite\",\"@id\":\"https:\/\/encantotree.com\/es\/#website\",\"url\":\"https:\/\/encantotree.com\/es\/\",\"name\":\"Encanto Tree\",\"description\":\"Dispensario de Cannabis\",\"publisher\":{\"@id\":\"https:\/\/encantotree.com\/es\/#organization\"},\"potentialAction\":[{\"@type\":\"SearchAction\",\"target\":{\"@type\":\"EntryPoint\",\"urlTemplate\":\"https:\/\/encantotree.com\/es\/?s={search_term_string}\"},\"query-input\":{\"@type\":\"PropertyValueSpecification\",\"valueRequired\":true,\"valueName\":\"search_term_string\"}}],\"inLanguage\":\"es\"},{\"@type\":\"Organization\",\"@id\":\"https:\/\/encantotree.com\/es\/#organization\",\"name\":\"Encanto Tree\",\"url\":\"https:\/\/encantotree.com\/es\/\",\"logo\":{\"@type\":\"ImageObject\",\"inLanguage\":\"es\",\"@id\":\"https:\/\/encantotree.com\/es\/#\/schema\/logo\/image\/\",\"url\":\"https:\/\/encantotree.com\/wp-content\/uploads\/2021\/06\/encanto-tree-600-v2.png\",\"contentUrl\":\"https:\/\/encantotree.com\/wp-content\/uploads\/2021\/06\/encanto-tree-600-v2.png\",\"width\":600,\"height\":152,\"caption\":\"Encanto Tree\"},\"image\":{\"@id\":\"https:\/\/encantotree.com\/es\/#\/schema\/logo\/image\/\"}}]}<\/script>\n<!-- \/ Yoast SEO plugin. -->","yoast_head_json":{"title":"Reg\u00edstrese aqu\u00ed - Encanto Tree","description":"Encanto is an agricultural biotechnology company focused on providing the highest medical therapeutic value to patients.","robots":{"index":"index","follow":"follow","max-snippet":"max-snippet:-1","max-image-preview":"max-image-preview:large","max-video-preview":"max-video-preview:-1"},"canonical":"https:\/\/encantotree.com\/es\/registrese-aqui\/","og_locale":"es_ES","og_type":"article","og_title":"Reg\u00edstrese aqu\u00ed - Encanto Tree","og_description":"Encanto is an agricultural biotechnology company focused on providing the highest medical therapeutic value to patients.","og_url":"https:\/\/encantotree.com\/es\/registrese-aqui\/","og_site_name":"Encanto Tree","article_modified_time":"2023-06-06T19:42:51+00:00","twitter_card":"summary_large_image","twitter_misc":{"Tiempo de lectura":"3 minutos"},"schema":{"@context":"https:\/\/schema.org","@graph":[{"@type":"WebPage","@id":"https:\/\/encantotree.com\/es\/registrese-aqui\/","url":"https:\/\/encantotree.com\/es\/registrese-aqui\/","name":"Reg\u00edstrese aqu\u00ed - Encanto Tree","isPartOf":{"@id":"https:\/\/encantotree.com\/es\/#website"},"datePublished":"2021-08-24T02:01:07+00:00","dateModified":"2023-06-06T19:42:51+00:00","description":"Encanto is an agricultural biotechnology company focused on providing the highest medical therapeutic value to patients.","breadcrumb":{"@id":"https:\/\/encantotree.com\/es\/registrese-aqui\/#breadcrumb"},"inLanguage":"es","potentialAction":[{"@type":"ReadAction","target":["https:\/\/encantotree.com\/es\/registrese-aqui\/"]}]},{"@type":"BreadcrumbList","@id":"https:\/\/encantotree.com\/es\/registrese-aqui\/#breadcrumb","itemListElement":[{"@type":"ListItem","position":1,"name":"Home","item":"https:\/\/encantotree.com\/es\/"},{"@type":"ListItem","position":2,"name":"Reg\u00edstrese aqu\u00ed"}]},{"@type":"WebSite","@id":"https:\/\/encantotree.com\/es\/#website","url":"https:\/\/encantotree.com\/es\/","name":"Encanto Tree","description":"Dispensario de Cannabis","publisher":{"@id":"https:\/\/encantotree.com\/es\/#organization"},"potentialAction":[{"@type":"SearchAction","target":{"@type":"EntryPoint","urlTemplate":"https:\/\/encantotree.com\/es\/?s={search_term_string}"},"query-input":{"@type":"PropertyValueSpecification","valueRequired":true,"valueName":"search_term_string"}}],"inLanguage":"es"},{"@type":"Organization","@id":"https:\/\/encantotree.com\/es\/#organization","name":"Encanto Tree","url":"https:\/\/encantotree.com\/es\/","logo":{"@type":"ImageObject","inLanguage":"es","@id":"https:\/\/encantotree.com\/es\/#\/schema\/logo\/image\/","url":"https:\/\/encantotree.com\/wp-content\/uploads\/2021\/06\/encanto-tree-600-v2.png","contentUrl":"https:\/\/encantotree.com\/wp-content\/uploads\/2021\/06\/encanto-tree-600-v2.png","width":600,"height":152,"caption":"Encanto Tree"},"image":{"@id":"https:\/\/encantotree.com\/es\/#\/schema\/logo\/image\/"}}]}},"jetpack_sharing_enabled":true,"_links":{"self":[{"href":"https:\/\/encantotree.com\/es\/wp-json\/wp\/v2\/pages\/7436","targetHints":{"allow":["GET"]}}],"collection":[{"href":"https:\/\/encantotree.com\/es\/wp-json\/wp\/v2\/pages"}],"about":[{"href":"https:\/\/encantotree.com\/es\/wp-json\/wp\/v2\/types\/page"}],"author":[{"embeddable":true,"href":"https:\/\/encantotree.com\/es\/wp-json\/wp\/v2\/users\/1"}],"replies":[{"embeddable":true,"href":"https:\/\/encantotree.com\/es\/wp-json\/wp\/v2\/comments?post=7436"}],"version-history":[{"count":9,"href":"https:\/\/encantotree.com\/es\/wp-json\/wp\/v2\/pages\/7436\/revisions"}],"predecessor-version":[{"id":8384,"href":"https:\/\/encantotree.com\/es\/wp-json\/wp\/v2\/pages\/7436\/revisions\/8384"}],"wp:attachment":[{"href":"https:\/\/encantotree.com\/es\/wp-json\/wp\/v2\/media?parent=7436"}],"curies":[{"name":"wp","href":"https:\/\/api.w.org\/{rel}","templated":true}]}}