{"id":9496,"date":"2024-06-13T12:32:04","date_gmt":"2024-06-13T16:32:04","guid":{"rendered":"https:\/\/encantotree.com\/?page_id=9496"},"modified":"2025-08-25T19:38:05","modified_gmt":"2025-08-25T23:38:05","slug":"encanto-pride","status":"publish","type":"page","link":"https:\/\/encantotree.com\/es\/encanto-pride\/","title":{"rendered":"Orgullo Encanto"},"content":{"rendered":"<p><div class=\"fusion-fullwidth fullwidth-box fusion-builder-row-1 fusion-flex-container has-pattern-background has-mask-background pattern-bg nonhundred-percent-fullwidth non-hundred-percent-height-scrolling\" style=\"--awb-border-radius-top-left:0px;--awb-border-radius-top-right:0px;--awb-border-radius-bottom-right:0px;--awb-border-radius-bottom-left:0px;--awb-padding-top:60px;--awb-flex-wrap:wrap;\" ><div class=\"fusion-builder-row fusion-row fusion-flex-align-items-center fusion-flex-content-wrap\" style=\"max-width:1216.8px;margin-left: calc(-4% \/ 2 );margin-right: calc(-4% \/ 2 );\"><div class=\"fusion-layout-column fusion_builder_column fusion-builder-column-0 fusion_builder_column_1_2 1_2 fusion-flex-column\" style=\"--awb-bg-size:cover;--awb-width-large:50%;--awb-margin-top-large:0px;--awb-spacing-right-large:3.072%;--awb-margin-bottom-large:0px;--awb-spacing-left-large:3.84%;--awb-width-medium:50%;--awb-spacing-right-medium:3.072%;--awb-spacing-left-medium:3.84%;--awb-width-small:100%;--awb-spacing-right-small:1.92%;--awb-spacing-left-small:1.92%;\"><div class=\"fusion-column-wrapper fusion-flex-justify-content-center fusion-content-layout-column\"><div class=\"fusion-image-element \" style=\"--awb-caption-title-font-family:var(--h2_typography-font-family);--awb-caption-title-font-weight:var(--h2_typography-font-weight);--awb-caption-title-font-style:var(--h2_typography-font-style);--awb-caption-title-size:var(--h2_typography-font-size);--awb-caption-title-transform:var(--h2_typography-text-transform);--awb-caption-title-line-height:var(--h2_typography-line-height);--awb-caption-title-letter-spacing:var(--h2_typography-letter-spacing);\"><span class=\" fusion-imageframe imageframe-none imageframe-1 hover-type-none\"><img decoding=\"async\" width=\"1920\" height=\"1286\" title=\"peron\" src=\"https:\/\/encantotree.com\/wp-content\/uploads\/2025\/08\/peron.jpg\" alt class=\"img-responsive wp-image-12481\"\/><\/span><\/div><\/div><\/div><div class=\"fusion-layout-column fusion_builder_column fusion-builder-column-1 fusion_builder_column_1_2 1_2 fusion-flex-column\" style=\"--awb-bg-size:cover;--awb-width-large:50%;--awb-margin-top-large:0px;--awb-spacing-right-large:3.84%;--awb-margin-bottom-large:0px;--awb-spacing-left-large:4.608%;--awb-width-medium:50%;--awb-spacing-right-medium:3.84%;--awb-spacing-left-medium:4.608%;--awb-width-small:100%;--awb-spacing-right-small:1.92%;--awb-spacing-left-small:1.92%;\"><div class=\"fusion-column-wrapper fusion-flex-justify-content-flex-start fusion-content-layout-column\"><div class=\"fusion-title title fusion-title-1 fusion-sep-none fusion-title-text fusion-title-size-one\" style=\"--awb-margin-bottom:25px;\"><h1 class=\"fusion-title-heading title-heading-left fusion-responsive-typography-calculated\" style=\"margin:0;--fontSize:32;line-height:1.3;\"><h3><strong>Dennis Peron<\/strong><\/h3><\/h1><\/div><div class=\"fusion-text fusion-text-1\" style=\"--awb-font-size:24px;\"><p style=\"text-align: left;\"><i>Dennis Peron fue un activista que luch\u00f3 incansablemente por los derechos de la comunidad LGBTI+ y la despenalizaci\u00f3n del cannabis medicinal.<\/i><\/p>\n<\/div><\/div><\/div><\/div><\/div><div class=\"fusion-fullwidth fullwidth-box fusion-builder-row-2 fusion-flex-container has-pattern-background has-mask-background pattern-bg nonhundred-percent-fullwidth non-hundred-percent-height-scrolling\" style=\"--awb-border-radius-top-left:0px;--awb-border-radius-top-right:0px;--awb-border-radius-bottom-right:0px;--awb-border-radius-bottom-left:0px;--awb-padding-top:5px;--awb-padding-bottom:0px;--awb-flex-wrap:wrap;\" ><div class=\"fusion-builder-row fusion-row fusion-flex-align-items-center fusion-flex-content-wrap\" style=\"max-width:1216.8px;margin-left: calc(-4% \/ 2 );margin-right: calc(-4% \/ 2 );\"><div class=\"fusion-layout-column fusion_builder_column fusion-builder-column-2 fusion_builder_column_1_2 1_2 fusion-flex-column\" style=\"--awb-bg-size:cover;--awb-width-large:50%;--awb-margin-top-large:0px;--awb-spacing-right-large:3.84%;--awb-margin-bottom-large:0px;--awb-spacing-left-large:4.608%;--awb-width-medium:50%;--awb-spacing-right-medium:3.84%;--awb-spacing-left-medium:4.608%;--awb-width-small:100%;--awb-spacing-right-small:1.92%;--awb-spacing-left-small:1.92%;\"><div class=\"fusion-column-wrapper fusion-flex-justify-content-flex-start fusion-content-layout-column\"><div class=\"fusion-text fusion-text-2\" style=\"--awb-font-size:24px;\"><p><i>Gracias a Dennis, hoy en d\u00eda en muchos lugares del mundo no es un estigma usar la flor medicinal ni ser queer. \u00a1Feliz mes del orgullo! <\/i><\/p>\n<\/div><\/div><\/div><div class=\"fusion-layout-column fusion_builder_column fusion-builder-column-3 fusion_builder_column_1_2 1_2 fusion-flex-column\" style=\"--awb-bg-size:cover;--awb-width-large:50%;--awb-margin-top-large:0px;--awb-spacing-right-large:3.072%;--awb-margin-bottom-large:0px;--awb-spacing-left-large:3.84%;--awb-width-medium:50%;--awb-spacing-right-medium:3.072%;--awb-spacing-left-medium:3.84%;--awb-width-small:100%;--awb-spacing-right-small:1.92%;--awb-spacing-left-small:1.92%;\"><div class=\"fusion-column-wrapper fusion-flex-justify-content-center fusion-content-layout-column\"><div class=\"fusion-image-element \" style=\"--awb-max-width:400px;--awb-caption-title-font-family:var(--h2_typography-font-family);--awb-caption-title-font-weight:var(--h2_typography-font-weight);--awb-caption-title-font-style:var(--h2_typography-font-style);--awb-caption-title-size:var(--h2_typography-font-size);--awb-caption-title-transform:var(--h2_typography-text-transform);--awb-caption-title-line-height:var(--h2_typography-line-height);--awb-caption-title-letter-spacing:var(--h2_typography-letter-spacing);\"><span class=\" fusion-imageframe imageframe-none imageframe-2 hover-type-none\"><img decoding=\"async\" width=\"2000\" height=\"1242\" title=\"Cannabis-Buyers-Club-Still-07.25.2022\" src=\"https:\/\/encantotree.com\/wp-content\/uploads\/2025\/08\/Cannabis-Buyers-Club-Still-07.25.2022.jpg\" alt class=\"img-responsive wp-image-12483\"\/><\/span><\/div><\/div><\/div><\/div><\/div><div class=\"fusion-fullwidth fullwidth-box fusion-builder-row-3 fusion-flex-container has-pattern-background has-mask-background pattern-bg nonhundred-percent-fullwidth non-hundred-percent-height-scrolling\" style=\"--awb-border-radius-top-left:0px;--awb-border-radius-top-right:0px;--awb-border-radius-bottom-right:0px;--awb-border-radius-bottom-left:0px;--awb-padding-top:0px;--awb-flex-wrap:wrap;\" ><div class=\"fusion-builder-row fusion-row fusion-flex-align-items-center fusion-flex-content-wrap\" style=\"max-width:1216.8px;margin-left: calc(-4% \/ 2 );margin-right: calc(-4% \/ 2 );\"><div class=\"fusion-layout-column fusion_builder_column fusion-builder-column-4 fusion_builder_column_1_2 1_2 fusion-flex-column\" style=\"--awb-bg-size:cover;--awb-width-large:50%;--awb-margin-top-large:0px;--awb-spacing-right-large:3.072%;--awb-margin-bottom-large:0px;--awb-spacing-left-large:3.84%;--awb-width-medium:50%;--awb-spacing-right-medium:3.072%;--awb-spacing-left-medium:3.84%;--awb-width-small:100%;--awb-spacing-right-small:1.92%;--awb-spacing-left-small:1.92%;\"><div class=\"fusion-column-wrapper fusion-flex-justify-content-center fusion-content-layout-column\"><div class=\"fusion-image-element \" style=\"text-align:center;--awb-caption-title-font-family:var(--h2_typography-font-family);--awb-caption-title-font-weight:var(--h2_typography-font-weight);--awb-caption-title-font-style:var(--h2_typography-font-style);--awb-caption-title-size:var(--h2_typography-font-size);--awb-caption-title-transform:var(--h2_typography-text-transform);--awb-caption-title-line-height:var(--h2_typography-line-height);--awb-caption-title-letter-spacing:var(--h2_typography-letter-spacing);\"><span class=\" fusion-imageframe imageframe-none imageframe-3 hover-type-none\"><img decoding=\"async\" width=\"800\" height=\"800\" title=\"Untitled-1\" src=\"https:\/\/encantotree.com\/wp-content\/uploads\/2025\/08\/Untitled-1.png\" alt class=\"img-responsive wp-image-12486\"\/><\/span><\/div><\/div><\/div><div class=\"fusion-layout-column fusion_builder_column fusion-builder-column-5 fusion_builder_column_1_2 1_2 fusion-flex-column\" style=\"--awb-bg-size:cover;--awb-width-large:50%;--awb-margin-top-large:0px;--awb-spacing-right-large:3.84%;--awb-margin-bottom-large:0px;--awb-spacing-left-large:4.608%;--awb-width-medium:50%;--awb-spacing-right-medium:3.84%;--awb-spacing-left-medium:4.608%;--awb-width-small:100%;--awb-spacing-right-small:1.92%;--awb-spacing-left-small:1.92%;\"><div class=\"fusion-column-wrapper fusion-flex-justify-content-flex-start fusion-content-layout-column\"><div class=\"fusion-title title fusion-title-2 fusion-sep-none fusion-title-text fusion-title-size-one\" style=\"--awb-margin-bottom:25px;\"><h1 class=\"fusion-title-heading title-heading-left fusion-responsive-typography-calculated\" style=\"margin:0;--fontSize:32;line-height:1.3;\"><h3><strong>Amor es Amor<\/strong><\/h3><\/h1><\/div><div class=\"fusion-text fusion-text-3\" style=\"--awb-font-size:24px;\"><p>En conmemoraci\u00f3n al mes del orgullo, encuentra en Encanto Tree el Carrito Vital Love is Love.<\/p>\n<p>Una combinaci\u00f3n para relajarte y aumentar la concentraci\u00f3n.<\/p>\n<\/div><\/div><\/div><\/div><\/div><div class=\"fusion-fullwidth fullwidth-box fusion-builder-row-4 fusion-flex-container has-pattern-background has-mask-background pattern-bg nonhundred-percent-fullwidth non-hundred-percent-height-scrolling\" style=\"--awb-border-radius-top-left:0px;--awb-border-radius-top-right:0px;--awb-border-radius-bottom-right:0px;--awb-border-radius-bottom-left:0px;--awb-padding-top:60px;--awb-padding-right:60px;--awb-padding-bottom:10px;--awb-padding-left:60px;--awb-flex-wrap:wrap;\" ><div class=\"fusion-builder-row fusion-row fusion-flex-align-items-center fusion-flex-content-wrap\" style=\"max-width:1216.8px;margin-left: calc(-4% \/ 2 );margin-right: calc(-4% \/ 2 );\"><div class=\"fusion-layout-column fusion_builder_column fusion-builder-column-6 fusion_builder_column_1_1 1_1 fusion-flex-column\" style=\"--awb-bg-size:cover;--awb-width-large:100%;--awb-margin-top-large:0px;--awb-spacing-right-large:1.92%;--awb-margin-bottom-large:30px;--awb-spacing-left-large:1.92%;--awb-width-medium:100%;--awb-order-medium:0;--awb-spacing-right-medium:1.92%;--awb-spacing-left-medium:1.92%;--awb-width-small:100%;--awb-order-small:0;--awb-spacing-right-small:1.92%;--awb-spacing-left-small:1.92%;\"><div class=\"fusion-column-wrapper fusion-column-has-shadow fusion-flex-justify-content-flex-start fusion-content-layout-column\"><div class=\"fusion-title title fusion-title-3 fusion-sep-none fusion-title-text fusion-title-size-one\"><h1 class=\"fusion-title-heading title-heading-left fusion-responsive-typography-calculated\" style=\"margin:0;--fontSize:32;line-height:1.3;\"><h3><strong>Historia<\/strong><\/h3><\/h1><\/div><\/div><\/div><div class=\"fusion-layout-column fusion_builder_column fusion-builder-column-7 fusion_builder_column_3_5 3_5 fusion-flex-column\" style=\"--awb-bg-size:cover;--awb-width-large:60%;--awb-margin-top-large:0px;--awb-spacing-right-large:3.2%;--awb-margin-bottom-large:0px;--awb-spacing-left-large:3.84%;--awb-width-medium:60%;--awb-spacing-right-medium:3.2%;--awb-spacing-left-medium:3.84%;--awb-width-small:100%;--awb-spacing-right-small:1.92%;--awb-spacing-left-small:1.92%;\"><div class=\"fusion-column-wrapper fusion-flex-justify-content-flex-start fusion-content-layout-column\"><div class=\"fusion-text fusion-text-4\"><p><em>\u00bfSab\u00edas que la comunidad LGBTQIA+ dio forma a la historia del cannabis? Desde la crisis del SIDA hasta los esfuerzos de defensa como la Proposici\u00f3n de San Francisco, su influencia allan\u00f3 el camino para un acceso m\u00e1s amplio al cannabis medicinal. <\/em><\/p>\n<p><em>Hoy en d\u00eda, a medida que el uso del cannabis medicinal y los derechos LGBTQIA+ ganan aceptaci\u00f3n, los activistas siguen luchando por un acceso equitativo, record\u00e1ndonos que las libertades civiles se cruzan con las necesidades de las comunidades marginadas. Este a\u00f1o, celebra el Mes del Orgullo honrando este legado de resiliencia y activismo en tu ubicaci\u00f3n favorita de Encanto Tree. <\/em><\/p>\n<\/div><\/div><\/div><div class=\"fusion-layout-column fusion_builder_column fusion-builder-column-8 fusion_builder_column_2_5 2_5 fusion-flex-column\" style=\"--awb-bg-size:cover;--awb-width-large:40%;--awb-margin-top-large:0px;--awb-spacing-right-large:3.84%;--awb-margin-bottom-large:0px;--awb-spacing-left-large:4.8%;--awb-width-medium:40%;--awb-spacing-right-medium:3.84%;--awb-spacing-left-medium:4.8%;--awb-width-small:100%;--awb-spacing-right-small:1.92%;--awb-spacing-left-small:1.92%;\"><div class=\"fusion-column-wrapper fusion-flex-justify-content-flex-start fusion-content-layout-column\"><div class=\"fusion-image-element \" style=\"--awb-caption-title-font-family:var(--h2_typography-font-family);--awb-caption-title-font-weight:var(--h2_typography-font-weight);--awb-caption-title-font-style:var(--h2_typography-font-style);--awb-caption-title-size:var(--h2_typography-font-size);--awb-caption-title-transform:var(--h2_typography-text-transform);--awb-caption-title-line-height:var(--h2_typography-line-height);--awb-caption-title-letter-spacing:var(--h2_typography-letter-spacing);\"><span class=\" fusion-imageframe imageframe-none imageframe-4 hover-type-none\"><img decoding=\"async\" width=\"910\" height=\"607\" title=\"AP_78062501458.12\" src=\"https:\/\/encantotree.com\/wp-content\/uploads\/2024\/06\/AP_78062501458.12.png\" alt class=\"img-responsive wp-image-9410\"\/><\/span><\/div><\/div><\/div><\/div><\/div><div class=\"fusion-fullwidth fullwidth-box fusion-builder-row-5 fusion-flex-container has-pattern-background has-mask-background pattern-bg nonhundred-percent-fullwidth non-hundred-percent-height-scrolling\" style=\"--awb-border-radius-top-left:0px;--awb-border-radius-top-right:0px;--awb-border-radius-bottom-right:0px;--awb-border-radius-bottom-left:0px;--awb-padding-bottom:60px;--awb-flex-wrap:wrap;\" ><div class=\"fusion-builder-row fusion-row fusion-flex-align-items-flex-start fusion-flex-content-wrap\" style=\"max-width:1216.8px;margin-left: calc(-4% \/ 2 );margin-right: calc(-4% \/ 2 );\"><div class=\"fusion-layout-column fusion_builder_column fusion-builder-column-9 fusion_builder_column_1_1 1_1 fusion-flex-column\" style=\"--awb-bg-size:cover;--awb-width-large:100%;--awb-margin-top-large:0px;--awb-spacing-right-large:1.92%;--awb-margin-bottom-large:0px;--awb-spacing-left-large:2.304%;--awb-width-medium:100%;--awb-spacing-right-medium:1.92%;--awb-spacing-left-medium:2.304%;--awb-width-small:100%;--awb-spacing-right-small:1.92%;--awb-spacing-left-small:1.92%;\"><div class=\"fusion-column-wrapper fusion-flex-justify-content-flex-start fusion-content-layout-column\"><div class=\"fusion-text fusion-text-5\" style=\"--awb-content-alignment:left;\"><p><strong>Fotos Fuentes:<\/strong><br \/>\nhttps:\/\/sf.curbed.com\/2016\/6\/20\/11890556\/san-francisco-pride-gay-lgbt-historic-photos-theme<br \/>\nhttps:\/\/www.canorml.org\/rip-dennis-peron-compassionate-warrior-and-medical-marijuana-champion\/<\/p>\n<\/div><\/div><\/div><\/div><\/div><\/p>\n","protected":false},"excerpt":{"rendered":"","protected":false},"author":1,"featured_media":0,"parent":0,"menu_order":0,"comment_status":"closed","ping_status":"closed","template":"100-width.php","meta":{"footnotes":""},"class_list":["post-9496","page","type-page","status-publish","hentry"],"yoast_head":"<!-- This site is optimized with the Yoast SEO plugin v26.2 - https:\/\/yoast.com\/wordpress\/plugins\/seo\/ -->\n<title>Sobre Encanto Tree - Cannabis Medicinal<\/title>\n<meta name=\"description\" content=\"Conoce Encanto, una empresa de biotecnolog\u00eda agr\u00edcola centrada en proporcionar el m\u00e1ximo valor terap\u00e9utico m\u00e9dico a los pacientes.\" \/>\n<meta name=\"robots\" content=\"index, follow, max-snippet:-1, max-image-preview:large, max-video-preview:-1\" \/>\n<link rel=\"canonical\" href=\"https:\/\/encantotree.com\/es\/encanto-pride\/\" \/>\n<meta property=\"og:locale\" content=\"es_ES\" \/>\n<meta property=\"og:type\" content=\"article\" \/>\n<meta property=\"og:title\" content=\"Sobre Encanto Tree - Cannabis Medicinal\" \/>\n<meta property=\"og:description\" content=\"Conoce Encanto, una empresa de biotecnolog\u00eda agr\u00edcola centrada en proporcionar el m\u00e1ximo valor terap\u00e9utico m\u00e9dico a los pacientes.\" \/>\n<meta property=\"og:url\" content=\"https:\/\/encantotree.com\/es\/encanto-pride\/\" \/>\n<meta property=\"og:site_name\" content=\"Encanto Tree\" \/>\n<meta property=\"article:modified_time\" content=\"2025-08-25T23:38:05+00:00\" \/>\n<meta name=\"twitter:card\" content=\"summary_large_image\" \/>\n<meta name=\"twitter:label1\" content=\"Tiempo de lectura\" \/>\n\t<meta name=\"twitter:data1\" content=\"29 minutos\" \/>\n<script type=\"application\/ld+json\" class=\"yoast-schema-graph\">{\"@context\":\"https:\/\/schema.org\",\"@graph\":[{\"@type\":\"WebPage\",\"@id\":\"https:\/\/encantotree.com\/es\/encanto-pride\/\",\"url\":\"https:\/\/encantotree.com\/es\/encanto-pride\/\",\"name\":\"Sobre Encanto Tree - Cannabis Medicinal\",\"isPartOf\":{\"@id\":\"https:\/\/encantotree.com\/es\/#website\"},\"datePublished\":\"2024-06-13T16:32:04+00:00\",\"dateModified\":\"2025-08-25T23:38:05+00:00\",\"description\":\"Conoce Encanto, una empresa de biotecnolog\u00eda agr\u00edcola centrada en proporcionar el m\u00e1ximo valor terap\u00e9utico m\u00e9dico a los pacientes.\",\"breadcrumb\":{\"@id\":\"https:\/\/encantotree.com\/es\/encanto-pride\/#breadcrumb\"},\"inLanguage\":\"es\",\"potentialAction\":[{\"@type\":\"ReadAction\",\"target\":[\"https:\/\/encantotree.com\/es\/encanto-pride\/\"]}]},{\"@type\":\"BreadcrumbList\",\"@id\":\"https:\/\/encantotree.com\/es\/encanto-pride\/#breadcrumb\",\"itemListElement\":[{\"@type\":\"ListItem\",\"position\":1,\"name\":\"Home\",\"item\":\"https:\/\/encantotree.com\/es\/\"},{\"@type\":\"ListItem\",\"position\":2,\"name\":\"Orgullo Encanto\"}]},{\"@type\":\"WebSite\",\"@id\":\"https:\/\/encantotree.com\/es\/#website\",\"url\":\"https:\/\/encantotree.com\/es\/\",\"name\":\"Encanto Tree\",\"description\":\"Dispensario de Cannabis\",\"publisher\":{\"@id\":\"https:\/\/encantotree.com\/es\/#organization\"},\"potentialAction\":[{\"@type\":\"SearchAction\",\"target\":{\"@type\":\"EntryPoint\",\"urlTemplate\":\"https:\/\/encantotree.com\/es\/?s={search_term_string}\"},\"query-input\":{\"@type\":\"PropertyValueSpecification\",\"valueRequired\":true,\"valueName\":\"search_term_string\"}}],\"inLanguage\":\"es\"},{\"@type\":\"Organization\",\"@id\":\"https:\/\/encantotree.com\/es\/#organization\",\"name\":\"Encanto Tree\",\"url\":\"https:\/\/encantotree.com\/es\/\",\"logo\":{\"@type\":\"ImageObject\",\"inLanguage\":\"es\",\"@id\":\"https:\/\/encantotree.com\/es\/#\/schema\/logo\/image\/\",\"url\":\"https:\/\/encantotree.com\/wp-content\/uploads\/2021\/06\/encanto-tree-600-v2.png\",\"contentUrl\":\"https:\/\/encantotree.com\/wp-content\/uploads\/2021\/06\/encanto-tree-600-v2.png\",\"width\":600,\"height\":152,\"caption\":\"Encanto Tree\"},\"image\":{\"@id\":\"https:\/\/encantotree.com\/es\/#\/schema\/logo\/image\/\"}}]}<\/script>\n<!-- \/ Yoast SEO plugin. -->","yoast_head_json":{"title":"Sobre Encanto Tree - Cannabis Medicinal","description":"Conoce Encanto, una empresa de biotecnolog\u00eda agr\u00edcola centrada en proporcionar el m\u00e1ximo valor terap\u00e9utico m\u00e9dico a los pacientes.","robots":{"index":"index","follow":"follow","max-snippet":"max-snippet:-1","max-image-preview":"max-image-preview:large","max-video-preview":"max-video-preview:-1"},"canonical":"https:\/\/encantotree.com\/es\/encanto-pride\/","og_locale":"es_ES","og_type":"article","og_title":"Sobre Encanto Tree - Cannabis Medicinal","og_description":"Conoce Encanto, una empresa de biotecnolog\u00eda agr\u00edcola centrada en proporcionar el m\u00e1ximo valor terap\u00e9utico m\u00e9dico a los pacientes.","og_url":"https:\/\/encantotree.com\/es\/encanto-pride\/","og_site_name":"Encanto Tree","article_modified_time":"2025-08-25T23:38:05+00:00","twitter_card":"summary_large_image","twitter_misc":{"Tiempo de lectura":"29 minutos"},"schema":{"@context":"https:\/\/schema.org","@graph":[{"@type":"WebPage","@id":"https:\/\/encantotree.com\/es\/encanto-pride\/","url":"https:\/\/encantotree.com\/es\/encanto-pride\/","name":"Sobre Encanto Tree - Cannabis Medicinal","isPartOf":{"@id":"https:\/\/encantotree.com\/es\/#website"},"datePublished":"2024-06-13T16:32:04+00:00","dateModified":"2025-08-25T23:38:05+00:00","description":"Conoce Encanto, una empresa de biotecnolog\u00eda agr\u00edcola centrada en proporcionar el m\u00e1ximo valor terap\u00e9utico m\u00e9dico a los pacientes.","breadcrumb":{"@id":"https:\/\/encantotree.com\/es\/encanto-pride\/#breadcrumb"},"inLanguage":"es","potentialAction":[{"@type":"ReadAction","target":["https:\/\/encantotree.com\/es\/encanto-pride\/"]}]},{"@type":"BreadcrumbList","@id":"https:\/\/encantotree.com\/es\/encanto-pride\/#breadcrumb","itemListElement":[{"@type":"ListItem","position":1,"name":"Home","item":"https:\/\/encantotree.com\/es\/"},{"@type":"ListItem","position":2,"name":"Orgullo Encanto"}]},{"@type":"WebSite","@id":"https:\/\/encantotree.com\/es\/#website","url":"https:\/\/encantotree.com\/es\/","name":"Encanto Tree","description":"Dispensario de Cannabis","publisher":{"@id":"https:\/\/encantotree.com\/es\/#organization"},"potentialAction":[{"@type":"SearchAction","target":{"@type":"EntryPoint","urlTemplate":"https:\/\/encantotree.com\/es\/?s={search_term_string}"},"query-input":{"@type":"PropertyValueSpecification","valueRequired":true,"valueName":"search_term_string"}}],"inLanguage":"es"},{"@type":"Organization","@id":"https:\/\/encantotree.com\/es\/#organization","name":"Encanto Tree","url":"https:\/\/encantotree.com\/es\/","logo":{"@type":"ImageObject","inLanguage":"es","@id":"https:\/\/encantotree.com\/es\/#\/schema\/logo\/image\/","url":"https:\/\/encantotree.com\/wp-content\/uploads\/2021\/06\/encanto-tree-600-v2.png","contentUrl":"https:\/\/encantotree.com\/wp-content\/uploads\/2021\/06\/encanto-tree-600-v2.png","width":600,"height":152,"caption":"Encanto Tree"},"image":{"@id":"https:\/\/encantotree.com\/es\/#\/schema\/logo\/image\/"}}]}},"jetpack_sharing_enabled":true,"_links":{"self":[{"href":"https:\/\/encantotree.com\/es\/wp-json\/wp\/v2\/pages\/9496","targetHints":{"allow":["GET"]}}],"collection":[{"href":"https:\/\/encantotree.com\/es\/wp-json\/wp\/v2\/pages"}],"about":[{"href":"https:\/\/encantotree.com\/es\/wp-json\/wp\/v2\/types\/page"}],"author":[{"embeddable":true,"href":"https:\/\/encantotree.com\/es\/wp-json\/wp\/v2\/users\/1"}],"replies":[{"embeddable":true,"href":"https:\/\/encantotree.com\/es\/wp-json\/wp\/v2\/comments?post=9496"}],"version-history":[{"count":5,"href":"https:\/\/encantotree.com\/es\/wp-json\/wp\/v2\/pages\/9496\/revisions"}],"predecessor-version":[{"id":12492,"href":"https:\/\/encantotree.com\/es\/wp-json\/wp\/v2\/pages\/9496\/revisions\/12492"}],"wp:attachment":[{"href":"https:\/\/encantotree.com\/es\/wp-json\/wp\/v2\/media?parent=9496"}],"curies":[{"name":"wp","href":"https:\/\/api.w.org\/{rel}","templated":true}]}}