{"id":9689,"date":"2024-07-30T14:16:04","date_gmt":"2024-07-30T18:16:04","guid":{"rendered":"https:\/\/encantotree.com\/?page_id=9689"},"modified":"2025-07-15T12:03:31","modified_gmt":"2025-07-15T16:03:31","slug":"encanto-giveaway","status":"publish","type":"page","link":"https:\/\/encantotree.com\/es\/encanto-giveaway\/","title":{"rendered":"Encanto Giveaway"},"content":{"rendered":"<p><div class=\"fusion-fullwidth fullwidth-box fusion-builder-row-1 fusion-flex-container has-pattern-background has-mask-background hundred-percent-fullwidth non-hundred-percent-height-scrolling\" style=\"--awb-background-position:right top;--awb-border-sizes-top:0px;--awb-border-sizes-bottom:0px;--awb-border-sizes-left:0px;--awb-border-sizes-right:0px;--awb-border-radius-top-left:0px;--awb-border-radius-top-right:0px;--awb-border-radius-bottom-right:0px;--awb-border-radius-bottom-left:0px;--awb-padding-top:35px;--awb-padding-right:0px;--awb-padding-bottom:35px;--awb-padding-left:0px;--awb-margin-bottom:0px;--awb-flex-wrap:nowrap;\" ><div class=\"fusion-builder-row fusion-row fusion-flex-align-items-flex-start fusion-flex-content-wrap\" style=\"width:104% !important;max-width:104% !important;margin-left: calc(-4% \/ 2 );margin-right: calc(-4% \/ 2 );\"><div class=\"fusion-layout-column fusion_builder_column fusion-builder-column-0 fusion_builder_column_1_1 1_1 fusion-flex-column\" style=\"--awb-bg-size:cover;--awb-width-large:100%;--awb-margin-top-large:0px;--awb-spacing-right-large:1.92%;--awb-margin-bottom-large:0px;--awb-spacing-left-large:1.92%;--awb-width-medium:100%;--awb-order-medium:0;--awb-spacing-right-medium:1.92%;--awb-spacing-left-medium:1.92%;--awb-width-small:100%;--awb-order-small:0;--awb-spacing-right-small:1.92%;--awb-spacing-left-small:1.92%;\" data-scroll-devices=\"small-visibility,medium-visibility,large-visibility\"><div class=\"fusion-column-wrapper fusion-column-has-shadow fusion-flex-justify-content-flex-start fusion-content-layout-column\"><div class=\"fusion-image-element \" style=\"text-align:center;--awb-max-width:1400px;--awb-caption-title-font-family:var(--h2_typography-font-family);--awb-caption-title-font-weight:var(--h2_typography-font-weight);--awb-caption-title-font-style:var(--h2_typography-font-style);--awb-caption-title-size:var(--h2_typography-font-size);--awb-caption-title-transform:var(--h2_typography-text-transform);--awb-caption-title-line-height:var(--h2_typography-line-height);--awb-caption-title-letter-spacing:var(--h2_typography-letter-spacing);\"><span class=\" fusion-imageframe imageframe-none imageframe-1 hover-type-none\"><img decoding=\"async\" width=\"1920\" height=\"1080\" title=\"Copy of Concurso &#8211; Story (1920 x 1080 px)\" src=\"https:\/\/encantotree.com\/wp-content\/uploads\/2025\/07\/Copy-of-Concurso-Story-1920-x-1080-px.jpg\" alt class=\"img-responsive wp-image-12293\"\/><\/span><\/div><\/div><\/div><\/div><\/div><div class=\"fusion-fullwidth fullwidth-box fusion-builder-row-2 fusion-flex-container has-pattern-background has-mask-background nonhundred-percent-fullwidth non-hundred-percent-height-scrolling\" style=\"--awb-border-radius-top-left:0px;--awb-border-radius-top-right:0px;--awb-border-radius-bottom-right:0px;--awb-border-radius-bottom-left:0px;--awb-flex-wrap:wrap;\" ><div class=\"fusion-builder-row fusion-row fusion-flex-align-items-flex-start fusion-flex-content-wrap\" style=\"max-width:1216.8px;margin-left: calc(-4% \/ 2 );margin-right: calc(-4% \/ 2 );\"><div class=\"fusion-layout-column fusion_builder_column fusion-builder-column-1 fusion_builder_column_1_1 1_1 fusion-flex-column\" style=\"--awb-bg-size:cover;--awb-width-large:100%;--awb-margin-top-large:0px;--awb-spacing-right-large:1.92%;--awb-margin-bottom-large:30px;--awb-spacing-left-large:1.92%;--awb-width-medium:100%;--awb-order-medium:0;--awb-spacing-right-medium:1.92%;--awb-spacing-left-medium:1.92%;--awb-width-small:100%;--awb-order-small:0;--awb-spacing-right-small:1.92%;--awb-spacing-left-small:1.92%;\"><div class=\"fusion-column-wrapper fusion-column-has-shadow fusion-flex-justify-content-flex-start fusion-content-layout-column\"><div class=\"fusion-text fusion-text-1\"><h2 style=\"text-align: center;\">\u00bfComo participar?<\/h2>\n<div style=\"text-align: center;\">1 &#8211; Saca una foto del concierto y taguea a Encantotree.<\/div>\n<div style=\"text-align: center;\">2 &#8211; Descarga nuestra app<\/div>\n<div style=\"text-align: center;\">3 &#8211; Lleva la tarjeta a cualquiera de los Encantos obtendr\u00e1s un descuento exclusivo\u00a0 y autom\u00e1ticamente estar\u00edas participando al realizar tu compra de $100 o m\u00e1s.<\/div>\n<\/div><\/div><\/div><\/div><\/div><\/p>\n","protected":false},"excerpt":{"rendered":"","protected":false},"author":1,"featured_media":0,"parent":0,"menu_order":0,"comment_status":"closed","ping_status":"closed","template":"100-width.php","meta":{"footnotes":""},"class_list":["post-9689","page","type-page","status-publish","hentry"],"yoast_head":"<!-- This site is optimized with the Yoast SEO plugin v26.2 - https:\/\/yoast.com\/wordpress\/plugins\/seo\/ -->\n<title>Encanto Giveaway - Encanto Tree<\/title>\n<meta name=\"description\" content=\"Encanto is an agricultural biotechnology company focused on providing the highest medical therapeutic value to patients.\" \/>\n<meta name=\"robots\" content=\"index, follow, max-snippet:-1, max-image-preview:large, max-video-preview:-1\" \/>\n<link rel=\"canonical\" href=\"https:\/\/encantotree.com\/es\/encanto-giveaway\/\" \/>\n<meta property=\"og:locale\" content=\"es_ES\" \/>\n<meta property=\"og:type\" content=\"article\" \/>\n<meta property=\"og:title\" content=\"Encanto Giveaway - Encanto Tree\" \/>\n<meta property=\"og:description\" content=\"Encanto is an agricultural biotechnology company focused on providing the highest medical therapeutic value to patients.\" \/>\n<meta property=\"og:url\" content=\"https:\/\/encantotree.com\/es\/encanto-giveaway\/\" \/>\n<meta property=\"og:site_name\" content=\"Encanto Tree\" \/>\n<meta property=\"article:modified_time\" content=\"2025-07-15T16:03:31+00:00\" \/>\n<meta name=\"twitter:card\" content=\"summary_large_image\" \/>\n<meta name=\"twitter:label1\" content=\"Tiempo de lectura\" \/>\n\t<meta name=\"twitter:data1\" content=\"1 minuto\" \/>\n<script type=\"application\/ld+json\" class=\"yoast-schema-graph\">{\"@context\":\"https:\/\/schema.org\",\"@graph\":[{\"@type\":\"WebPage\",\"@id\":\"https:\/\/encantotree.com\/es\/encanto-giveaway\/\",\"url\":\"https:\/\/encantotree.com\/es\/encanto-giveaway\/\",\"name\":\"Encanto Giveaway - Encanto Tree\",\"isPartOf\":{\"@id\":\"https:\/\/encantotree.com\/es\/#website\"},\"datePublished\":\"2024-07-30T18:16:04+00:00\",\"dateModified\":\"2025-07-15T16:03:31+00:00\",\"description\":\"Encanto is an agricultural biotechnology company focused on providing the highest medical therapeutic value to patients.\",\"breadcrumb\":{\"@id\":\"https:\/\/encantotree.com\/es\/encanto-giveaway\/#breadcrumb\"},\"inLanguage\":\"es\",\"potentialAction\":[{\"@type\":\"ReadAction\",\"target\":[\"https:\/\/encantotree.com\/es\/encanto-giveaway\/\"]}]},{\"@type\":\"BreadcrumbList\",\"@id\":\"https:\/\/encantotree.com\/es\/encanto-giveaway\/#breadcrumb\",\"itemListElement\":[{\"@type\":\"ListItem\",\"position\":1,\"name\":\"Home\",\"item\":\"https:\/\/encantotree.com\/es\/\"},{\"@type\":\"ListItem\",\"position\":2,\"name\":\"Encanto Giveaway\"}]},{\"@type\":\"WebSite\",\"@id\":\"https:\/\/encantotree.com\/es\/#website\",\"url\":\"https:\/\/encantotree.com\/es\/\",\"name\":\"Encanto Tree\",\"description\":\"Dispensario de Cannabis\",\"publisher\":{\"@id\":\"https:\/\/encantotree.com\/es\/#organization\"},\"potentialAction\":[{\"@type\":\"SearchAction\",\"target\":{\"@type\":\"EntryPoint\",\"urlTemplate\":\"https:\/\/encantotree.com\/es\/?s={search_term_string}\"},\"query-input\":{\"@type\":\"PropertyValueSpecification\",\"valueRequired\":true,\"valueName\":\"search_term_string\"}}],\"inLanguage\":\"es\"},{\"@type\":\"Organization\",\"@id\":\"https:\/\/encantotree.com\/es\/#organization\",\"name\":\"Encanto Tree\",\"url\":\"https:\/\/encantotree.com\/es\/\",\"logo\":{\"@type\":\"ImageObject\",\"inLanguage\":\"es\",\"@id\":\"https:\/\/encantotree.com\/es\/#\/schema\/logo\/image\/\",\"url\":\"https:\/\/encantotree.com\/wp-content\/uploads\/2021\/06\/encanto-tree-600-v2.png\",\"contentUrl\":\"https:\/\/encantotree.com\/wp-content\/uploads\/2021\/06\/encanto-tree-600-v2.png\",\"width\":600,\"height\":152,\"caption\":\"Encanto Tree\"},\"image\":{\"@id\":\"https:\/\/encantotree.com\/es\/#\/schema\/logo\/image\/\"}}]}<\/script>\n<!-- \/ Yoast SEO plugin. -->","yoast_head_json":{"title":"Encanto Giveaway - Encanto Tree","description":"Encanto is an agricultural biotechnology company focused on providing the highest medical therapeutic value to patients.","robots":{"index":"index","follow":"follow","max-snippet":"max-snippet:-1","max-image-preview":"max-image-preview:large","max-video-preview":"max-video-preview:-1"},"canonical":"https:\/\/encantotree.com\/es\/encanto-giveaway\/","og_locale":"es_ES","og_type":"article","og_title":"Encanto Giveaway - Encanto Tree","og_description":"Encanto is an agricultural biotechnology company focused on providing the highest medical therapeutic value to patients.","og_url":"https:\/\/encantotree.com\/es\/encanto-giveaway\/","og_site_name":"Encanto Tree","article_modified_time":"2025-07-15T16:03:31+00:00","twitter_card":"summary_large_image","twitter_misc":{"Tiempo de lectura":"1 minuto"},"schema":{"@context":"https:\/\/schema.org","@graph":[{"@type":"WebPage","@id":"https:\/\/encantotree.com\/es\/encanto-giveaway\/","url":"https:\/\/encantotree.com\/es\/encanto-giveaway\/","name":"Encanto Giveaway - Encanto Tree","isPartOf":{"@id":"https:\/\/encantotree.com\/es\/#website"},"datePublished":"2024-07-30T18:16:04+00:00","dateModified":"2025-07-15T16:03:31+00:00","description":"Encanto is an agricultural biotechnology company focused on providing the highest medical therapeutic value to patients.","breadcrumb":{"@id":"https:\/\/encantotree.com\/es\/encanto-giveaway\/#breadcrumb"},"inLanguage":"es","potentialAction":[{"@type":"ReadAction","target":["https:\/\/encantotree.com\/es\/encanto-giveaway\/"]}]},{"@type":"BreadcrumbList","@id":"https:\/\/encantotree.com\/es\/encanto-giveaway\/#breadcrumb","itemListElement":[{"@type":"ListItem","position":1,"name":"Home","item":"https:\/\/encantotree.com\/es\/"},{"@type":"ListItem","position":2,"name":"Encanto Giveaway"}]},{"@type":"WebSite","@id":"https:\/\/encantotree.com\/es\/#website","url":"https:\/\/encantotree.com\/es\/","name":"Encanto Tree","description":"Dispensario de Cannabis","publisher":{"@id":"https:\/\/encantotree.com\/es\/#organization"},"potentialAction":[{"@type":"SearchAction","target":{"@type":"EntryPoint","urlTemplate":"https:\/\/encantotree.com\/es\/?s={search_term_string}"},"query-input":{"@type":"PropertyValueSpecification","valueRequired":true,"valueName":"search_term_string"}}],"inLanguage":"es"},{"@type":"Organization","@id":"https:\/\/encantotree.com\/es\/#organization","name":"Encanto Tree","url":"https:\/\/encantotree.com\/es\/","logo":{"@type":"ImageObject","inLanguage":"es","@id":"https:\/\/encantotree.com\/es\/#\/schema\/logo\/image\/","url":"https:\/\/encantotree.com\/wp-content\/uploads\/2021\/06\/encanto-tree-600-v2.png","contentUrl":"https:\/\/encantotree.com\/wp-content\/uploads\/2021\/06\/encanto-tree-600-v2.png","width":600,"height":152,"caption":"Encanto Tree"},"image":{"@id":"https:\/\/encantotree.com\/es\/#\/schema\/logo\/image\/"}}]}},"jetpack_sharing_enabled":true,"_links":{"self":[{"href":"https:\/\/encantotree.com\/es\/wp-json\/wp\/v2\/pages\/9689","targetHints":{"allow":["GET"]}}],"collection":[{"href":"https:\/\/encantotree.com\/es\/wp-json\/wp\/v2\/pages"}],"about":[{"href":"https:\/\/encantotree.com\/es\/wp-json\/wp\/v2\/types\/page"}],"author":[{"embeddable":true,"href":"https:\/\/encantotree.com\/es\/wp-json\/wp\/v2\/users\/1"}],"replies":[{"embeddable":true,"href":"https:\/\/encantotree.com\/es\/wp-json\/wp\/v2\/comments?post=9689"}],"version-history":[{"count":22,"href":"https:\/\/encantotree.com\/es\/wp-json\/wp\/v2\/pages\/9689\/revisions"}],"predecessor-version":[{"id":12300,"href":"https:\/\/encantotree.com\/es\/wp-json\/wp\/v2\/pages\/9689\/revisions\/12300"}],"wp:attachment":[{"href":"https:\/\/encantotree.com\/es\/wp-json\/wp\/v2\/media?parent=9689"}],"curies":[{"name":"wp","href":"https:\/\/api.w.org\/{rel}","templated":true}]}}